{"id":11072,"date":"2018-07-05T15:12:51","date_gmt":"2018-07-05T15:12:51","guid":{"rendered":"https:\/\/upperinc.com\/previews\/wp\/skudo\/agency\/?page_id=7"},"modified":"2022-08-23T17:48:14","modified_gmt":"2022-08-23T14:48:14","slug":"hakkimizda","status":"publish","type":"page","link":"https:\/\/7kitadagitim.com\/index.php\/hakkimizda\/","title":{"rendered":"Hakk\u0131m\u0131zda"},"content":{"rendered":"<p>[vc_row full_width=&#8221;stretch_row_content_no_spaces&#8221; equal_height=&#8221;yes&#8221; content_placement=&#8221;middle&#8221; css=&#8221;.vc_custom_1661266161983{padding-top: 50px !important;}&#8221;][vc_column width=&#8221;1\/2&#8243; el_class=&#8221;home-padding2&#8243;]<div class=\"ult-content-box-container \" >\t\t<div class=\"ult-content-box\" style=\"background-color:#ffffff;box-shadow: px px px px none;padding-top:100px;padding-right:80px;padding-bottom:100px;padding-left:80px;min-height:500px;-webkit-transition: all 700ms ease;-moz-transition: all 700ms ease;-ms-transition: all 700ms ease;-o-transition: all 700ms ease;transition: all 700ms ease;\"  data-hover_box_shadow=\"none\"     data-bg=\"#ffffff\" >[vc_custom_heading text=&#8221;K\u0131saca Biz&#8221; font_container=&#8221;tag:h3|text_align:left&#8221; use_theme_fonts=&#8221;yes&#8221;][vc_empty_space height=&#8221;20px&#8221;][vc_column_text]7\u2019den 70\u2019e<\/p>\n<p>T\u00fcrkiye\u2019nin k\u00f6kl\u00fc kurulu\u015flar\u0131na en b\u00fcy\u00fck aday olan 7K\u0131ta Petrolc\u00fcl\u00fck Da\u011f\u0131t\u0131m ve Pazarlama A.\u015e. 2016 y\u0131l\u0131nda G\u00f6khan Ak\u0131n taraf\u0131ndan kurulmu\u015f ve akaryak\u0131t da\u011f\u0131t\u0131m \u015firketi olarak sekt\u00f6rde yer almaya ba\u015flam\u0131\u015ft\u0131r. 7K\u0131ta akaryak\u0131t sekt\u00f6r\u00fcnde 270\u2019in \u00fczerinde bayili\u011fi ve 14 b\u00f6lge m\u00fcd\u00fcrl\u00fc\u011f\u00fc ile yerini sa\u011flamla\u015ft\u0131rmay\u0131 ba\u015farm\u0131\u015ft\u0131r.<\/p>\n<p>Sekt\u00f6rdeki de\u011fi\u015fimleri \u00e7ok iyi \u00f6ng\u00f6ren ve analiz eden 7K\u0131ta gerekli yol haritas\u0131n\u0131 belirleyerek m\u00fc\u015fteri (bayi) memnuniyeti parolas\u0131 ile en iyi hizmeti vermeyi hedeflemi\u015ftir.<\/p>\n<p>%100 yerli sermaye ile kurulmu\u015f, g\u00fc\u00e7l\u00fc altyap\u0131s\u0131, ger\u00e7ek\u00e7i vizyonu ve \u00fclkeye olan inanc\u0131yla T\u00fcrkiye\u2019nin ve b\u00f6lgemizin ekonomisine katk\u0131 sa\u011flamak ve b\u00f6lge halk\u0131na hizmet sunmak amac\u0131yla yola \u00e7\u0131kan firmam\u0131zda sosyal sorumlulu\u011fumuzun bilincinde olarak do\u011fa ve \u00e7evre dostu ba\u015fta olmak \u00fczere m\u00fc\u015fteri memnuniyeti en \u00f6n planda tutulmaktad\u0131r.<\/p>\n<p>Verdi\u011fi iyi hizmet, sa\u011flad\u0131\u011f\u0131 y\u00fcksek ve ileri teknolojisi ile ya\u015fatt\u0131\u011f\u0131 e\u015fsiz tecr\u00fcbe sayesinde, tan\u0131\u015ft\u0131\u011f\u0131 herkesi kendine y\u00fcrekten ba\u011flayan istasyonlar\u0131m\u0131z\u0131 tekrar ziyaret etmek t\u00fcm m\u00fc\u015fterilerimiz i\u00e7in vazge\u00e7ilmez bir al\u0131\u015fkanl\u0131k ve keyif olacak. Do\u011faya sayg\u0131l\u0131 ve \u00e7evresine pozitif enerji vermek i\u00e7in t\u00fcm g\u00fcc\u00fcn\u00fc ortaya koyan bir markaya ba\u011fland\u0131\u011f\u0131 i\u00e7in t\u00fcm 7K\u0131ta \u00e7al\u0131\u015fanlar\u0131 gibi t\u00fcm payda\u015flar\u0131 da gururlu ve mutlu olacak.[\/vc_column_text]\t\t<\/div><\/div>[\/vc_column][vc_column width=&#8221;1\/2&#8243; css=&#8221;.vc_custom_1661266480093{background-image: url(https:\/\/7kitadagitim.com\/wp-content\/uploads\/2022\/07\/corporate-2.jpg?id=11281) !important;background-position: center !important;background-repeat: no-repeat !important;background-size: cover !important;}&#8221; el_class=&#8221;minheightbox-mobile&#8221;][\/vc_column][\/vc_row][vc_row full_width=&#8221;stretch_row_content_no_spaces&#8221; equal_height=&#8221;yes&#8221; content_placement=&#8221;middle&#8221;][vc_column width=&#8221;1\/2&#8243; css=&#8221;.vc_custom_1661266249523{background-image: url(https:\/\/7kitadagitim.com\/wp-content\/uploads\/2022\/07\/corporate-3.jpg?id=11285) !important;background-position: center !important;background-repeat: no-repeat !important;background-size: cover !important;}&#8221; el_class=&#8221;minheightbox-mobile&#8221;][\/vc_column][vc_column width=&#8221;1\/2&#8243; el_class=&#8221;home-padding2&#8243;]<div class=\"ult-content-box-container \" >\t\t<div class=\"ult-content-box\" style=\"background-color:#ffffff;box-shadow: px px px px none;padding-top:100px;padding-right:80px;padding-bottom:100px;padding-left:80px;min-height:500px;-webkit-transition: all 700ms ease;-moz-transition: all 700ms ease;-ms-transition: all 700ms ease;-o-transition: all 700ms ease;transition: all 700ms ease;\"  data-hover_box_shadow=\"none\"     data-bg=\"#ffffff\" >[vc_custom_heading text=&#8221;Misyonumuz&#8221; font_container=&#8221;tag:h3|text_align:left&#8221; use_theme_fonts=&#8221;yes&#8221;][vc_empty_space height=&#8221;20px&#8221;][vc_column_text]<span class=\"s4\">\u201cSekt\u00f6r\u00fcm\u00fczde; aktif, geli\u015fmeye ve yeniliklere a\u00e7\u0131<\/span><span class=\"s4\">k, \u00e7evreye ve topluma duyarl\u0131 olacak \u015fekilde kalitemiz ve g\u00fcvenilirli\u011fimiz ile <\/span><span class=\"s4\">\u00e7al\u0131\u015fanlar\u0131m\u0131z\u0131n ve m\u00fc\u015fterilerimizin beklentilerini en iyi \u015fekilde kar\u015f\u0131lamak<\/span><span class=\"s4\">\u2026<\/span><span class=\"s4\">\u201d<\/span>[\/vc_column_text]\t\t<\/div><\/div>[\/vc_column][\/vc_row][vc_row css=&#8221;.vc_custom_1530637695200{padding-top: 120px !important;padding-bottom: 80px !important;}&#8221;][vc_column]<div class=\"ult-animation  ult-animate-viewport  ult-no-mobile \" data-animate=\"fadeInUp\" data-animation-delay=\"0.3\" data-animation-duration=\"1\" data-animation-iteration=\"1\" style=\"opacity:0;\" data-opacity_start_effect=\"\">[vc_row_inner][vc_column_inner width=&#8221;1\/3&#8243;]<div class=\"stats-block stats-top  \"><div class=\"aio-icon-top\"><div class=\"ult-just-icon-wrapper  \"><div class=\"align-icon\" style=\"text-align:center;\">\n<div class=\"aio-icon none \"  style=\"color:__USE_THEME_MAIN_COLOR__;font-size:45px;display:inline-block;\">\n\t<i class=\"linearicons-users2\"><\/i>\n<\/div><\/div><\/div><\/div><div class=\"stats-desc\" id=\"counter-responsv-wrap-4648\"><div id=\"counter_64348260069e758f93d7cb\" data-id=\"counter_64348260069e758f93d7cb\"  data-ultimate-target='#counter-responsv-wrap-4648 .stats-number'  data-responsive-json-new='{\"font-size\":\"desktop:30px;\",\"line-height\":\"\"}'  class=\"stats-number ult-responsive\" style=\"  font-family:&#039;Poppins&#039;;font-weight:600;\" data-speed=\"3\" data-counter-value=\"249\" data-separator=\"none\" data-decimal=\".\">0<\/div><div id=\"counter_64348260069e758f93d7cb\"  data-ultimate-target='#counter-responsv-wrap-4648 .stats-text'  data-responsive-json-new='{\"font-size\":\"desktop:11px;\",\"line-height\":\"desktop:12px;\"}'  class=\"stats-text ult-responsive\" style=\"font-size:px;  font-family:&#039;Poppins&#039;;font-weight:600;\">\u0130STASYON<\/div><\/div><\/div>[\/vc_column_inner][vc_column_inner width=&#8221;1\/3&#8243;]<div class=\"stats-block stats-top  \"><div class=\"aio-icon-top\"><div class=\"ult-just-icon-wrapper  \"><div class=\"align-icon\" style=\"text-align:center;\">\n<div class=\"aio-icon none \"  style=\"color:__USE_THEME_MAIN_COLOR__;font-size:45px;display:inline-block;\">\n\t<i class=\"linearicons-pen-add\"><\/i>\n<\/div><\/div><\/div><\/div><div class=\"stats-desc\" id=\"counter-responsv-wrap-3296\"><div id=\"counter_315997639569e758f93da2a\" data-id=\"counter_315997639569e758f93da2a\"  data-ultimate-target='#counter-responsv-wrap-3296 .stats-number'  data-responsive-json-new='{\"font-size\":\"desktop:30px;\",\"line-height\":\"\"}'  class=\"stats-number ult-responsive\" style=\"  font-family:&#039;Poppins&#039;;font-weight:600;\" data-speed=\"3\" data-counter-value=\"54\" data-separator=\"none\" data-decimal=\".\">0<\/div><div id=\"counter_315997639569e758f93da2a\"  data-ultimate-target='#counter-responsv-wrap-3296 .stats-text'  data-responsive-json-new='{\"font-size\":\"desktop:11px;\",\"line-height\":\"desktop:12px;\"}'  class=\"stats-text ult-responsive\" style=\"font-size:px;  font-family:&#039;Quicksand&#039;;font-weight:500;\">\u0130L<\/div><\/div><\/div>[\/vc_column_inner][vc_column_inner width=&#8221;1\/3&#8243;]<div class=\"stats-block stats-top  \"><div class=\"aio-icon-top\"><div class=\"ult-just-icon-wrapper  \"><div class=\"align-icon\" style=\"text-align:center;\">\n<div class=\"aio-icon none \"  style=\"color:__USE_THEME_MAIN_COLOR__;font-size:45px;display:inline-block;\">\n\t<i class=\"linearicons-database-lock\"><\/i>\n<\/div><\/div><\/div><\/div><div class=\"stats-desc\" id=\"counter-responsv-wrap-9368\"><div id=\"counter_284026222069e758f93dc35\" data-id=\"counter_284026222069e758f93dc35\"  data-ultimate-target='#counter-responsv-wrap-9368 .stats-number'  data-responsive-json-new='{\"font-size\":\"desktop:30px;\",\"line-height\":\"\"}'  class=\"stats-number ult-responsive\" style=\"  font-family:&#039;Poppins&#039;;font-weight:600;\" data-speed=\"3\" data-counter-value=\"1540\" data-separator=\"none\" data-decimal=\".\">0<\/div><div id=\"counter_284026222069e758f93dc35\"  data-ultimate-target='#counter-responsv-wrap-9368 .stats-text'  data-responsive-json-new='{\"font-size\":\"desktop:11px;\",\"line-height\":\"desktop:12px;\"}'  class=\"stats-text ult-responsive\" style=\"font-size:px;  font-family:&#039;Quicksand&#039;;font-weight:500;\">\u00c7ALI\u015eAN<\/div><\/div><\/div>[\/vc_column_inner][\/vc_row_inner]<\/div>[\/vc_column][\/vc_row]<\/p>\n","protected":false},"excerpt":{"rendered":"<p>[vc_row full_width=&#8221;stretch_row_content_no_spaces&#8221; equal_height=&#8221;yes&#8221; content_placement=&#8221;middle&#8221; css=&#8221;.vc_custom_1661266161983{padding-top: 50px !important;}&#8221;][vc_column width=&#8221;1\/2&#8243; el_class=&#8221;home-padding2&#8243;][\/vc_column][vc_column width=&#8221;1\/2&#8243; css=&#8221;.vc_custom_1661266480093{background-image: url(https:\/\/7kitadagitim.com\/wp-content\/uploads\/2022\/07\/corporate-2.jpg?id=11281) !important;background-position: center !important;background-repeat: no-repeat !important;background-size: cover !important;}&#8221; el_class=&#8221;minheightbox-mobile&#8221;][\/vc_column][\/vc_row][vc_row full_width=&#8221;stretch_row_content_no_spaces&#8221; equal_height=&#8221;yes&#8221; content_placement=&#8221;middle&#8221;][vc_column width=&#8221;1\/2&#8243; css=&#8221;.vc_custom_1661266249523{background-image: url(https:\/\/7kitadagitim.com\/wp-content\/uploads\/2022\/07\/corporate-3.jpg?id=11285) !important;background-position: center !important;background-repeat: no-repeat !important;background-size: cover !important;}&#8221; el_class=&#8221;minheightbox-mobile&#8221;][\/vc_column][vc_column width=&#8221;1\/2&#8243; el_class=&#8221;home-padding2&#8243;][\/vc_column][\/vc_row][vc_row css=&#8221;.vc_custom_1530637695200{padding-top: 120px !important;padding-bottom: 80px !important;}&#8221;][vc_column][\/vc_column][\/vc_row]<\/p>\n","protected":false},"author":1,"featured_media":0,"parent":0,"menu_order":0,"comment_status":"closed","ping_status":"closed","template":"page.php","meta":{"footnotes":""},"class_list":["post-11072","page","type-page","status-publish","hentry"],"_links":{"self":[{"href":"https:\/\/7kitadagitim.com\/index.php\/wp-json\/wp\/v2\/pages\/11072","targetHints":{"allow":["GET"]}}],"collection":[{"href":"https:\/\/7kitadagitim.com\/index.php\/wp-json\/wp\/v2\/pages"}],"about":[{"href":"https:\/\/7kitadagitim.com\/index.php\/wp-json\/wp\/v2\/types\/page"}],"author":[{"embeddable":true,"href":"https:\/\/7kitadagitim.com\/index.php\/wp-json\/wp\/v2\/users\/1"}],"replies":[{"embeddable":true,"href":"https:\/\/7kitadagitim.com\/index.php\/wp-json\/wp\/v2\/comments?post=11072"}],"version-history":[{"count":33,"href":"https:\/\/7kitadagitim.com\/index.php\/wp-json\/wp\/v2\/pages\/11072\/revisions"}],"predecessor-version":[{"id":12220,"href":"https:\/\/7kitadagitim.com\/index.php\/wp-json\/wp\/v2\/pages\/11072\/revisions\/12220"}],"wp:attachment":[{"href":"https:\/\/7kitadagitim.com\/index.php\/wp-json\/wp\/v2\/media?parent=11072"}],"curies":[{"name":"wp","href":"https:\/\/api.w.org\/{rel}","templated":true}]}}