{"id":11317,"date":"2022-07-29T14:48:21","date_gmt":"2022-07-29T11:48:21","guid":{"rendered":"http:\/\/7kitadagitim.com\/?page_id=11317"},"modified":"2022-07-31T20:16:36","modified_gmt":"2022-07-31T17:16:36","slug":"istasyon-hizmetler","status":"publish","type":"page","link":"https:\/\/7kitadagitim.com\/index.php\/utts\/istasyon-hizmetler\/","title":{"rendered":"\u0130stasyon Hizmetleri"},"content":{"rendered":"<p>[vc_row][vc_column][vc_btn title=&#8221;\u0130STASYON H\u0130ZMETLER\u0130&#8221; style=&#8221;gradient-custom&#8221; gradient_custom_color_1=&#8221;#ff0000&#8243; gradient_custom_color_2=&#8221;#d21616&#8243; size=&#8221;lg&#8221; align=&#8221;center&#8221; css_animation=&#8221;fadeInDown&#8221; button_block=&#8221;true&#8221;][\/vc_column][\/vc_row][vc_row css=&#8221;.vc_custom_1659287795553{padding-bottom: 50px !important;}&#8221;][vc_column][vc_tta_accordion style=&#8221;outline&#8221; color=&#8221;black&#8221; c_align=&#8221;center&#8221; c_icon=&#8221;chevron&#8221; c_position=&#8221;right&#8221; active_section=&#8221;1&#8243; no_fill=&#8221;true&#8221; css=&#8221;.vc_custom_1659272050505{padding-top: 20px !important;padding-right: 20px !important;padding-bottom: 20px !important;padding-left: 20px !important;background-color: #ffffff !important;border-radius: 10px !important;}&#8221;][vc_tta_section i_icon_fontawesome=&#8221;fas fa-car-side&#8221; add_icon=&#8221;true&#8221; title=&#8221;Ara\u00e7 Y\u0131kama&#8221; tab_id=&#8221;1659270133384-8d455535-b034&#8243;][vc_custom_heading text=&#8221;7 K\u0131ta Washer ile ara\u00e7 y\u0131kamada uzman, pratik, h\u0131zl\u0131 ve \u00e7evreci \u00e7\u00f6z\u00fcmler sunuyor. Zengin i\u00e7erikli programlarla y\u0131kanan ara\u00e7lar, parl\u0131yor. \u00dcstelik sistemde kullan\u0131lan \u00f6zel s\u00fcnger f\u0131r\u00e7a teknolojisi ile ara\u00e7 \u00e7izilmelerinin \u00f6n\u00fcne ge\u00e7iliyor. Yeni nesil elle y\u0131kama \u00fcniteleri ile hem pratik hem de h\u0131zl\u0131 y\u0131kama \u00e7\u00f6z\u00fcmlerini g\u00fcvenilir bir yap\u0131yla beraberinde getiriyor. Bas\u0131n\u00e7l\u0131 su, deterjan ve \u00f6zel cila se\u00e7eneklerini tek y\u0131kama s\u0131ras\u0131nda kullanabilme avantaj\u0131 ile \u00f6ne \u00e7\u0131kan y\u0131kama alanlar\u0131m\u0131z; kullan\u0131c\u0131lar\u0131na kolay ve h\u0131zl\u0131 bir ara\u00e7 y\u0131kama alternatifi sunuyor.&#8221; font_container=&#8221;tag:h2|font_size:14|text_align:left|color:%23565656|line_height:2&#8243; use_theme_fonts=&#8221;yes&#8221; css_animation=&#8221;fadeInDown&#8221;][\/vc_tta_section][vc_tta_section i_icon_fontawesome=&#8221;fas fa-cart-arrow-down&#8221; add_icon=&#8221;true&#8221; title=&#8221;Market&#8221; tab_id=&#8221;1659271777997-da383754-641c&#8221;][vc_custom_heading text=&#8221;7 K\u0131ta Petrol olarak, m\u00fc\u015fterilerimize yaln\u0131zca akaryak\u0131t ve madeni ya\u011f \u00fcr\u00fcnleri sunmakla yetinmiyor, \u00fclke genelinde 249 istasyonumuzda yolculuk s\u0131ras\u0131nda ortaya \u00e7\u0131kabilecek farkl\u0131 ihtiya\u00e7lar\u0131 kar\u015f\u0131lamaya y\u00f6nelik \u00e7\u00f6z\u00fcmler sunmaya da devam ediyoruz. Bu kapsamda, belirli istasyonlar\u0131m\u0131zda \u00f6zel ve perakendecilik alan\u0131nda iyi bilinen markalara yer vererek, m\u00fc\u015fterilerimize sundu\u011fumuz hizmet yelpazemizi s\u00fcrekli olarak geni\u015fletiyoruz, seyahatinizin daha konforlu ge\u00e7mesi i\u00e7in \u00e7al\u0131\u015f\u0131yoruz.<br \/>\nMarketlerimiz ile istasyonlar\u0131m\u0131zda m\u00fc\u015fterilerimizin ihtiya\u00e7lar\u0131 ve ara\u00e7lar\u0131n\u0131n ihtiya\u00e7lar\u0131n\u0131 kar\u015f\u0131layabilmelerinin yan\u0131s\u0131ra, kaliteli ve g\u00fcvenli al\u0131\u015fveri\u015f yapabilecekleri, temiz ve rahatlat\u0131c\u0131 mekanlar yarat\u0131yoruz.&#8221; font_container=&#8221;tag:h2|font_size:14|text_align:left|color:%23565656|line_height:2&#8243; use_theme_fonts=&#8221;yes&#8221; css_animation=&#8221;fadeInDown&#8221;][\/vc_tta_section][vc_tta_section i_icon_fontawesome=&#8221;fas fa-oil-can&#8221; add_icon=&#8221;true&#8221; title=&#8221;Madeni Ya\u011f De\u011fi\u015fimi&#8221; tab_id=&#8221;1659271772432-5e5be73b-30d2&#8243;][vc_custom_heading text=&#8221;Teknik e\u011fitime tabi tutulan profesyonel personel taraf\u0131ndan, ara\u00e7lar\u0131n \u00fccretsiz ya\u011f kontrol\u00fc ve ya\u011f de\u011fi\u015fimi yap\u0131l\u0131yor.<\/p>\n<p>B\u00f6ylece akaryak\u0131t almak \u00fczere istasyona gelen ara\u00e7 sahipleri, 15 dakika gibi olduk\u00e7a k\u0131sa bir s\u00fcre i\u00e7inde, ara\u00e7lar\u0131n\u0131n ya\u011f kontrol\u00fc veya de\u011fi\u015fimini temiz ve konforlu bir ortamda yapt\u0131rma f\u0131rsat\u0131 buluyorlar.&#8221; font_container=&#8221;tag:h2|font_size:14|text_align:left|color:%23565656|line_height:2&#8243; use_theme_fonts=&#8221;yes&#8221; css_animation=&#8221;fadeInDown&#8221;][\/vc_tta_section][\/vc_tta_accordion][\/vc_column][\/vc_row][vc_row bg_type=&#8221;grad&#8221; bg_override=&#8221;ex-full&#8221; css=&#8221;.vc_custom_1659272551489{padding-top: 60px !important;padding-bottom: 20px !important;}&#8221; bg_grad=&#8221;background: -webkit-gradient(linear, left top, left bottom, color-stop(0%, #FF0000), color-stop(72%, #D21616));background: -moz-linear-gradient(left,#FF0000 0%,#D21616 72%);background: -webkit-linear-gradient(left,#FF0000 0%,#D21616 72%);background: -o-linear-gradient(left,#FF0000 0%,#D21616 72%);background: -ms-linear-gradient(left,#FF0000 0%,#D21616 72%);background: linear-gradient(left,#FF0000 0%,#D21616 72%);&#8221;][vc_column][vc_custom_heading text=&#8221;M\u00fc\u015fteri memnuniyetine odaklanan hizmet anlay\u0131\u015f\u0131 ve \u00fcst\u00fcn nitelikli \u00fcr\u00fcnlerle siz de\u011ferli misafirlerimizin <\/br> ihtiya\u00e7lar\u0131n\u0131 h\u0131zl\u0131 ve g\u00fcvenli bir \u015fekilde kar\u015f\u0131l\u0131yoruz.&#8221; font_container=&#8221;tag:p|font_size:20px|text_align:center|color:%23ffffff&#8221; use_theme_fonts=&#8221;yes&#8221; css=&#8221;.vc_custom_1659272842305{padding-top: 50px !important;padding-bottom: 50px !important;}&#8221;][\/vc_column][\/vc_row]<\/p>\n","protected":false},"excerpt":{"rendered":"<p>[vc_row][vc_column][vc_btn title=&#8221;\u0130STASYON H\u0130ZMETLER\u0130&#8221; style=&#8221;gradient-custom&#8221; gradient_custom_color_1=&#8221;#ff0000&#8243; gradient_custom_color_2=&#8221;#d21616&#8243; size=&#8221;lg&#8221; align=&#8221;center&#8221; css_animation=&#8221;fadeInDown&#8221; button_block=&#8221;true&#8221;][\/vc_column][\/vc_row][vc_row css=&#8221;.vc_custom_1659287795553{padding-bottom: 50px !important;}&#8221;][vc_column][vc_tta_accordion style=&#8221;outline&#8221; color=&#8221;black&#8221; c_align=&#8221;center&#8221; c_icon=&#8221;chevron&#8221; c_position=&#8221;right&#8221; active_section=&#8221;1&#8243; no_fill=&#8221;true&#8221; css=&#8221;.vc_custom_1659272050505{padding-top: 20px !important;padding-right: 20px !important;padding-bottom: 20px !important;padding-left: 20px !important;background-color: #ffffff !important;border-radius: 10px !important;}&#8221;][vc_tta_section i_icon_fontawesome=&#8221;fas fa-car-side&#8221; add_icon=&#8221;true&#8221; title=&#8221;Ara\u00e7 Y\u0131kama&#8221; tab_id=&#8221;1659270133384-8d455535-b034&#8243;][vc_custom_heading text=&#8221;7 K\u0131ta Washer ile ara\u00e7 y\u0131kamada uzman, pratik, h\u0131zl\u0131 ve \u00e7evreci \u00e7\u00f6z\u00fcmler sunuyor. Zengin i\u00e7erikli programlarla [&hellip;]<\/p>\n","protected":false},"author":1,"featured_media":0,"parent":364,"menu_order":0,"comment_status":"closed","ping_status":"closed","template":"page.php","meta":{"footnotes":""},"class_list":["post-11317","page","type-page","status-publish","hentry"],"_links":{"self":[{"href":"https:\/\/7kitadagitim.com\/index.php\/wp-json\/wp\/v2\/pages\/11317","targetHints":{"allow":["GET"]}}],"collection":[{"href":"https:\/\/7kitadagitim.com\/index.php\/wp-json\/wp\/v2\/pages"}],"about":[{"href":"https:\/\/7kitadagitim.com\/index.php\/wp-json\/wp\/v2\/types\/page"}],"author":[{"embeddable":true,"href":"https:\/\/7kitadagitim.com\/index.php\/wp-json\/wp\/v2\/users\/1"}],"replies":[{"embeddable":true,"href":"https:\/\/7kitadagitim.com\/index.php\/wp-json\/wp\/v2\/comments?post=11317"}],"version-history":[{"count":19,"href":"https:\/\/7kitadagitim.com\/index.php\/wp-json\/wp\/v2\/pages\/11317\/revisions"}],"predecessor-version":[{"id":11597,"href":"https:\/\/7kitadagitim.com\/index.php\/wp-json\/wp\/v2\/pages\/11317\/revisions\/11597"}],"up":[{"embeddable":true,"href":"https:\/\/7kitadagitim.com\/index.php\/wp-json\/wp\/v2\/pages\/364"}],"wp:attachment":[{"href":"https:\/\/7kitadagitim.com\/index.php\/wp-json\/wp\/v2\/media?parent=11317"}],"curies":[{"name":"wp","href":"https:\/\/api.w.org\/{rel}","templated":true}]}}