{"id":11330,"date":"2022-07-29T15:03:17","date_gmt":"2022-07-29T12:03:17","guid":{"rendered":"http:\/\/7kitadagitim.com\/?page_id=11330"},"modified":"2025-04-07T09:32:21","modified_gmt":"2025-04-07T06:32:21","slug":"bayilik","status":"publish","type":"page","link":"https:\/\/7kitadagitim.com\/index.php\/bayilik\/","title":{"rendered":"Bayilik Ba\u015fvurusu"},"content":{"rendered":"<p>[vc_row full_width=&#8221;stretch_row_content_no_spaces&#8221;][vc_column][vc_single_image image=&#8221;11343&#8243; img_size=&#8221;full&#8221; alignment=&#8221;center&#8221;][\/vc_column][\/vc_row][vc_row css=&#8221;.vc_custom_1659457974613{padding-top: 20px !important;padding-bottom: 20px !important;}&#8221;][vc_column][vc_row_inner css=&#8221;.vc_custom_1659458116929{padding-bottom: 20px !important;background-color: #ffffff !important;border-radius: 10px !important;}&#8221;][vc_column_inner][vc_btn title=&#8221;BAY\u0130 BA\u015eVURU FORMU&#8221; style=&#8221;gradient-custom&#8221; gradient_custom_color_1=&#8221;#ff0000&#8243; gradient_custom_color_2=&#8221;#d21616&#8243; size=&#8221;lg&#8221; align=&#8221;center&#8221; button_block=&#8221;true&#8221;]\n<div class=\"wpcf7 no-js\" id=\"wpcf7-f12453-o1\" lang=\"tr-TR\" dir=\"ltr\" data-wpcf7-id=\"12453\">\n<div class=\"screen-reader-response\"><p role=\"status\" aria-live=\"polite\" aria-atomic=\"true\"><\/p> <ul><\/ul><\/div>\n<form action=\"\/index.php\/wp-json\/wp\/v2\/pages\/11330#wpcf7-f12453-o1\" method=\"post\" class=\"wpcf7-form init\" aria-label=\"\u0130leti\u015fim Formu\" novalidate=\"novalidate\" data-status=\"init\">\n<fieldset class=\"hidden-fields-container\"><input type=\"hidden\" name=\"_wpcf7\" value=\"12453\" \/><input type=\"hidden\" name=\"_wpcf7_version\" value=\"6.1.1\" \/><input type=\"hidden\" name=\"_wpcf7_locale\" value=\"tr_TR\" \/><input type=\"hidden\" name=\"_wpcf7_unit_tag\" value=\"wpcf7-f12453-o1\" \/><input type=\"hidden\" name=\"_wpcf7_container_post\" value=\"0\" \/><input type=\"hidden\" name=\"_wpcf7_posted_data_hash\" value=\"\" \/>\n<\/fieldset>\n<div class=\"skudo-multiple-fields\">\n\t<div class=\"f-name\">\n\t\t<p><span class=\"wpcf7-form-control-wrap\" data-name=\"your-name\"><input size=\"40\" maxlength=\"400\" class=\"wpcf7-form-control wpcf7-text wpcf7-validates-as-required\" aria-required=\"true\" aria-invalid=\"false\" placeholder=\"Ad\u0131n\u0131z Soyad\u0131n\u0131z\" value=\"\" type=\"text\" name=\"your-name\" \/><\/span>\n\t\t<\/p>\n\t<\/div>\n\t<div class=\"f-name\">\n\t\t<p><span class=\"wpcf7-form-control-wrap\" data-name=\"last-name\"><input size=\"40\" maxlength=\"400\" class=\"wpcf7-form-control wpcf7-text wpcf7-validates-as-required\" aria-required=\"true\" aria-invalid=\"false\" placeholder=\"\u0130stasyon \u00dcnvan\u0131\" value=\"\" type=\"text\" name=\"last-name\" \/><\/span>\n\t\t<\/p>\n\t<\/div>\n\t<div class=\"f-name\">\n\t\t<p><span class=\"wpcf7-form-control-wrap\" data-name=\"telefon\"><input size=\"40\" maxlength=\"400\" class=\"wpcf7-form-control wpcf7-text wpcf7-validates-as-required\" aria-required=\"true\" aria-invalid=\"false\" placeholder=\"Telefon Numaran\u0131z\" value=\"\" type=\"text\" name=\"telefon\" \/><\/span>\n\t\t<\/p>\n\t<\/div>\n\t<div class=\"f-name\">\n\t\t<p><span class=\"wpcf7-form-control-wrap\" data-name=\"istas\"><select class=\"wpcf7-form-control wpcf7-select wpcf7-validates-as-required\" aria-required=\"true\" aria-invalid=\"false\" name=\"istas\"><option value=\"Lisans Durumunu Se\u00e7iniz\">Lisans Durumunu Se\u00e7iniz<\/option><option value=\"Al\u0131nacak Lisans\">Al\u0131nacak Lisans<\/option><option value=\"Lisans Tadil\">Lisans Tadil<\/option><option value=\"Yeni lisans\">Yeni lisans<\/option><\/select><\/span>\n\t\t<\/p>\n\t<\/div>\n\t<div class=\"f-name\">\n\t\t<p><span class=\"wpcf7-form-control-wrap\" data-name=\"city\"><input size=\"40\" maxlength=\"400\" class=\"wpcf7-form-control wpcf7-text wpcf7-validates-as-required\" aria-required=\"true\" aria-invalid=\"false\" placeholder=\"\u0130l\" value=\"\" type=\"text\" name=\"city\" \/><\/span>\n\t\t<\/p>\n\t<\/div>\n\t<div class=\"f-name\">\n\t\t<p><span class=\"wpcf7-form-control-wrap\" data-name=\"district\"><input size=\"40\" maxlength=\"400\" class=\"wpcf7-form-control wpcf7-text wpcf7-validates-as-required\" aria-required=\"true\" aria-invalid=\"false\" placeholder=\"\u0130l\u00e7e\" value=\"\" type=\"text\" name=\"district\" \/><\/span>\n\t\t<\/p>\n\t<\/div>\n\t<div>\n\t\t<p><span class=\"wpcf7-form-control-wrap\" data-name=\"istasyon\"><select class=\"wpcf7-form-control wpcf7-select wpcf7-validates-as-required\" aria-required=\"true\" aria-invalid=\"false\" name=\"istasyon\"><option value=\"istasyon durumunu se\u00e7iniz\">istasyon durumunu se\u00e7iniz<\/option><option value=\"Faaliyeti Ge\u00e7ici Durdurulmu\u015f\">Faaliyeti Ge\u00e7ici Durdurulmu\u015f<\/option><option value=\"Y\u00fcr\u00fcrl\u00fckte\">Y\u00fcr\u00fcrl\u00fckte<\/option><option value=\"Lisans Yok\">Lisans Yok<\/option><\/select><\/span><br \/>\n<!div>\n\t\t<\/p>\n\t\t<div class=\"bt-contact\">\n\t\t\t<p><input class=\"wpcf7-form-control wpcf7-submit has-spinner\" type=\"submit\" value=\"G\u00d6NDER\" \/>\n\t\t\t<\/p>\n\t\t<\/div>\n\t<\/div>\n<\/div><div class=\"wpcf7-response-output\" aria-hidden=\"true\"><\/div>\n<\/form>\n<\/div>\n[\/vc_column_inner][\/vc_row_inner][\/vc_column][\/vc_row][vc_row][vc_column][vc_empty_space][vc_btn title=&#8221;BAY\u0130 BA\u015eVURUSU \u0130\u00c7\u0130N GEREKL\u0130 BELGELER&#8221; style=&#8221;gradient-custom&#8221; gradient_custom_color_1=&#8221;#ff0000&#8243; gradient_custom_color_2=&#8221;#d21616&#8243; size=&#8221;lg&#8221; align=&#8221;center&#8221; button_block=&#8221;true&#8221; link=&#8221;url:https%3A%2F%2Fwww.epdk.gov.tr%2Fdetay%2Ficerik%2F3-0-88%2Fpetrollisans-islemleri&#8221;][vc_empty_space height=&#8221;50px&#8221;][\/vc_column][\/vc_row][vc_row][vc_column width=&#8221;1\/2&#8243;][vc_column_text]<strong><span style=\"vertical-align: inherit;\"><span style=\"vertical-align: inherit;\">YEN\u0130 L\u0130SANS BA\u015eVURULARI \u0130\u00c7\u0130N GEREKL\u0130 EVRAKLAR<\/span><\/span><\/strong><\/p>\n<p><strong><span style=\"vertical-align: inherit;\"><span style=\"vertical-align: inherit;\">\u0130mza sirk\u00fcs\u00fc veya imza beyannamesi.\u00a0<\/span><\/span><\/strong><\/p>\n<p><strong><span style=\"vertical-align: inherit;\"><span style=\"vertical-align: inherit;\">Oda sicil kayd\u0131.\u00a0<\/span><\/span><\/strong><\/p>\n<p><strong><span style=\"vertical-align: inherit;\"><span style=\"vertical-align: inherit;\">\u0130\u015fyeri a\u00e7ma ve \u00e7al\u0131\u015fma ruhsat\u0131.\u00a0<\/span><\/span><\/strong><\/p>\n<p><strong><span style=\"vertical-align: inherit;\"><span style=\"vertical-align: inherit;\">Vergi kimlik belgesi.\u2028<\/span><\/span><\/strong><\/p>\n<p><strong><span style=\"vertical-align: inherit;\"><span style=\"vertical-align: inherit;\">Adres teyit yaz\u0131s\u0131.<\/span><\/span><\/strong><\/p>\n<p><strong><span style=\"vertical-align: inherit;\"><span style=\"vertical-align: inherit;\">Asgari mesafe tespit tutana\u011f\u0131.\u00a0 <span style=\"vertical-align: inherit;\">(Yeni a\u00e7\u0131lacak istasyonlar i\u00e7in.)<\/span><\/span><\/span><\/strong><\/p>\n<p><strong><span style=\"vertical-align: inherit;\"><span style=\"vertical-align: inherit;\">\u2028Ticaret sicil gazetesi.<\/span><\/span><\/strong><\/p>\n<p><strong><span style=\"vertical-align: inherit;\"><span style=\"vertical-align: inherit;\">KEP adresi g\u00f6r\u00fcnt\u00fcs\u00fc<\/span><\/span><\/strong><\/p>\n<p><strong><span style=\"vertical-align: inherit;\"><span style=\"vertical-align: inherit;\">Bayiye ait e-mail adresi ve telefon numaras\u0131 bilgisi.<\/span><\/span><\/strong><\/p>\n<p><strong><span style=\"vertical-align: inherit;\"><span style=\"vertical-align: inherit;\">\u0130stasyona ait enlem ve boylam bilgisi.<\/span><\/span><\/strong><\/p>\n<p><strong><span style=\"vertical-align: inherit;\"><span style=\"vertical-align: inherit;\">Tehlikeli madde ve tehlikeli at\u0131k sigorta poli\u00e7esi<\/span><\/span><\/strong><\/p>\n<p><strong><span style=\"vertical-align: inherit;\"><span style=\"vertical-align: inherit;\">Yeni lisans ba\u015fvuru \u00fccret dekontu.<\/span><\/span><\/strong><\/p>\n<p><strong><span style=\"vertical-align: inherit;\"><span style=\"vertical-align: inherit;\">Lisans ba\u015fvuru bedeli<\/span><\/span><\/strong><\/p>\n<p><strong><span style=\"vertical-align: inherit;\"><span style=\"vertical-align: inherit;\">VAKIFLAR BANKASI BAH\u00c7EL\u0130EVLER \u015eUBES\u0130 (\u015eube Kodu:014)<\/span><\/span><\/strong><\/p>\n<p><strong><span style=\"vertical-align: inherit;\"><span style=\"vertical-align: inherit;\">TR 37 0001 5001 5800 7292 2299 68 numaral\u0131 (IBAN) EPDK <\/span><\/span><\/strong><strong><span style=\"vertical-align: inherit;\"><span style=\"vertical-align: inherit;\">hesab\u0131na yat\u0131r\u0131lmas\u0131 gerekmektedir.<\/span><\/span><\/strong><br \/>\n<strong><span style=\"vertical-align: inherit;\"><span style=\"vertical-align: inherit;\">TUTAR: 50.000,00 TL<\/span><\/span><\/strong><\/p>\n<p><strong>Dekont A\u00e7\u0131klamas\u0131: BAYI\u0307 UNVAN \u2013 VERGI\u0307 NUMARASI \u2013 YEN\u0130 LI\u0307SANS BEDELI\u0307<\/strong><span class=\"Apple-converted-space\">\u00a0<\/span><\/p>\n<p>&nbsp;<\/p>\n<p><span style=\"vertical-align: inherit;\"><span style=\"vertical-align: inherit;\">Ba\u015fvuru \u00f6ncesi SGK \u0130l M\u00fcd\u00fcrl\u00fc\u011f\u00fcnden vergi numaras\u0131 veya T.C. kimlik numaras\u0131 bor\u00e7 sorgulaman\u0131n aktifle\u015ftirilmesi gerekmektedir.<\/span><\/span><br \/>\n<span style=\"vertical-align: inherit;\"><span style=\"vertical-align: inherit;\">G\u00f6nderilen t\u00fcm evraklar\u0131n her sayfas\u0131nda ka\u015fe ve imza olmas\u0131 zorunludur.<\/span><\/span>[\/vc_column_text][\/vc_column][vc_column width=&#8221;1\/2&#8243;][vc_column_text]<strong><span style=\"vertical-align: inherit;\"><span style=\"vertical-align: inherit;\">TADI\u0307L LI\u0307SANS BAS\u0327VURULARI I\u0307\u00c7I\u0307N\u00a0<\/span><\/span><\/strong><\/p>\n<p><strong><span style=\"vertical-align: inherit;\"><span style=\"vertical-align: inherit;\">\u0130mza sirk\u00fcs\u00fc veya imza beyannamesi.<\/span><\/span><\/strong><\/p>\n<p><strong><span style=\"vertical-align: inherit;\"><span style=\"vertical-align: inherit;\">Oda sicil kayd\u0131.\u00a0<\/span><\/span><\/strong><\/p>\n<p><strong><span style=\"vertical-align: inherit;\"><span style=\"vertical-align: inherit;\">\u0130\u015fyeri a\u00e7ma ve \u00e7al\u0131\u015fma ruhsat\u0131.<\/span><\/span><\/strong><\/p>\n<p><strong><span style=\"vertical-align: inherit;\"><span style=\"vertical-align: inherit;\">Vergi kimlik belgesi<\/span><\/span><\/strong><\/p>\n<p><strong><span style=\"vertical-align: inherit;\"><span style=\"vertical-align: inherit;\">Ticaret sicil belgesi<\/span><\/span><\/strong><\/p>\n<p><strong><span style=\"vertical-align: inherit;\"><span style=\"vertical-align: inherit;\">EPDK bayilik lisans\u0131 belgesi<\/span><\/span><\/strong><\/p>\n<p><strong><span style=\"vertical-align: inherit;\"><span style=\"vertical-align: inherit;\">\u0130stasyona ait enlem ve boylam bilgisi.<\/span><\/span><\/strong><\/p>\n<p><strong><span style=\"vertical-align: inherit;\"><span style=\"vertical-align: inherit;\">Tadil lisans ba\u015fvuru \u00fccret dekontu.<\/span><\/span><\/strong><\/p>\n<p><strong><span style=\"vertical-align: inherit;\"><span style=\"vertical-align: inherit;\">VAKIFLAR BANKASI BAH\u00c7ELI\u0307EVLER S\u0327UBESI\u0307 (S\u0327ube Kodu:014),<\/span><\/span><\/strong><br \/>\n<strong><span style=\"vertical-align: inherit;\"><span style=\"vertical-align: inherit;\">TR 37 0001 5001 5800 7292 2299 68 numaral\u0131 (IBAN) EPDK hesab\u0131na yat\u0131r\u0131lmas\u0131 gerekmektedir.<\/span><\/span><\/strong><br \/>\n<strong><span style=\"vertical-align: inherit;\"><span style=\"vertical-align: inherit;\">TUTAR: 30.000,00TL<\/span><\/span><\/strong><\/p>\n<p><strong><span style=\"vertical-align: inherit;\"><span style=\"vertical-align: inherit;\">Dekont A\u00e7\u0131klamas\u0131: BAYI\u0307 UNVAN &#8211; VERGI\u0307 NUMARASI &#8211; LI\u0307SANS TADI\u0307L BEDELI\u0307<\/span><\/span><\/strong><span class=\"Apple-converted-space\">\u00a0<\/span><\/p>\n<p><span style=\"vertical-align: inherit;\"><span style=\"vertical-align: inherit;\">Ba\u015fvuru \u00f6ncesi SGK \u0130l M\u00fcd\u00fcrl\u00fc\u011f\u00fcnden vergi numaras\u0131 veya T.C. kimlik numaras\u0131 bor\u00e7 sorgulaman\u0131n aktifle\u015ftirilmesi gerekmektedir.<\/span><\/span><br \/>\n<span style=\"vertical-align: inherit;\"><span style=\"vertical-align: inherit;\">G\u00f6nderilen t\u00fcm evraklar\u0131n her sayfas\u0131nda ka\u015fe ve imza olmas\u0131 zorunludur.<\/span><\/span>[\/vc_column_text][vc_row_inner][vc_column_inner][\/vc_column_inner][\/vc_row_inner][\/vc_column][vc_column][\/vc_column][\/vc_row][vc_row][\/vc_row][vc_row][vc_column]<div class=\"aio-icon-component    style_1\"><div id=\"Info-box-wrap-5300\" class=\"aio-icon-box default-icon\" style=\"\"  ><div class=\"aio-icon-description ult-responsive\"  data-ultimate-target='#Info-box-wrap-5300 .aio-icon-description'  data-responsive-json-new='{\"font-size\":\"\",\"line-height\":\"\"}'  style=\"\">Bilgilendirme : ba\u015fvuru yap\u0131lacak olan istasyon \u015fube ise ayn\u0131 evraklar\u0131 merkez i\u00e7inde istemektedir.<\/p>\n<p>Bilgilendirme: ba\u015fvuru evraklar\u0131n\u0131 tamamlad\u0131ktan sonra otomasyon uzman\u0131 ile konu\u015fman\u0131z tavsiye edilir.<\/div> <!-- description --><\/div> <!-- aio-icon-box --><\/div> <!-- aio-icon-component -->[\/vc_column][\/vc_row]<\/p>\n","protected":false},"excerpt":{"rendered":"<p>[vc_row full_width=&#8221;stretch_row_content_no_spaces&#8221;][vc_column][vc_single_image image=&#8221;11343&#8243; img_size=&#8221;full&#8221; alignment=&#8221;center&#8221;][\/vc_column][\/vc_row][vc_row css=&#8221;.vc_custom_1659457974613{padding-top: 20px !important;padding-bottom: 20px !important;}&#8221;][vc_column][vc_row_inner css=&#8221;.vc_custom_1659458116929{padding-bottom: 20px !important;background-color: #ffffff !important;border-radius: 10px !important;}&#8221;][vc_column_inner][vc_btn title=&#8221;BAY\u0130 BA\u015eVURU FORMU&#8221; style=&#8221;gradient-custom&#8221; gradient_custom_color_1=&#8221;#ff0000&#8243; gradient_custom_color_2=&#8221;#d21616&#8243; size=&#8221;lg&#8221; align=&#8221;center&#8221; button_block=&#8221;true&#8221;][\/vc_column_inner][\/vc_row_inner][\/vc_column][\/vc_row][vc_row][vc_column][vc_empty_space][vc_btn title=&#8221;BAY\u0130 BA\u015eVURUSU \u0130\u00c7\u0130N GEREKL\u0130 BELGELER&#8221; style=&#8221;gradient-custom&#8221; gradient_custom_color_1=&#8221;#ff0000&#8243; gradient_custom_color_2=&#8221;#d21616&#8243; size=&#8221;lg&#8221; align=&#8221;center&#8221; button_block=&#8221;true&#8221; link=&#8221;url:https%3A%2F%2Fwww.epdk.gov.tr%2Fdetay%2Ficerik%2F3-0-88%2Fpetrollisans-islemleri&#8221;][vc_empty_space height=&#8221;50px&#8221;][\/vc_column][\/vc_row][vc_row][vc_column width=&#8221;1\/2&#8243;][vc_column_text]YEN\u0130 L\u0130SANS BA\u015eVURULARI \u0130\u00c7\u0130N GEREKL\u0130 EVRAKLAR \u0130mza sirk\u00fcs\u00fc veya imza beyannamesi.\u00a0 Oda sicil kayd\u0131.\u00a0 \u0130\u015fyeri a\u00e7ma [&hellip;]<\/p>\n","protected":false},"author":1,"featured_media":0,"parent":0,"menu_order":0,"comment_status":"closed","ping_status":"closed","template":"page.php","meta":{"footnotes":""},"class_list":["post-11330","page","type-page","status-publish","hentry"],"_links":{"self":[{"href":"https:\/\/7kitadagitim.com\/index.php\/wp-json\/wp\/v2\/pages\/11330","targetHints":{"allow":["GET"]}}],"collection":[{"href":"https:\/\/7kitadagitim.com\/index.php\/wp-json\/wp\/v2\/pages"}],"about":[{"href":"https:\/\/7kitadagitim.com\/index.php\/wp-json\/wp\/v2\/types\/page"}],"author":[{"embeddable":true,"href":"https:\/\/7kitadagitim.com\/index.php\/wp-json\/wp\/v2\/users\/1"}],"replies":[{"embeddable":true,"href":"https:\/\/7kitadagitim.com\/index.php\/wp-json\/wp\/v2\/comments?post=11330"}],"version-history":[{"count":62,"href":"https:\/\/7kitadagitim.com\/index.php\/wp-json\/wp\/v2\/pages\/11330\/revisions"}],"predecessor-version":[{"id":12476,"href":"https:\/\/7kitadagitim.com\/index.php\/wp-json\/wp\/v2\/pages\/11330\/revisions\/12476"}],"wp:attachment":[{"href":"https:\/\/7kitadagitim.com\/index.php\/wp-json\/wp\/v2\/media?parent=11330"}],"curies":[{"name":"wp","href":"https:\/\/api.w.org\/{rel}","templated":true}]}}