{"id":11554,"date":"2022-07-31T19:13:59","date_gmt":"2022-07-31T16:13:59","guid":{"rendered":"http:\/\/7kitadagitim.com\/?page_id=11554"},"modified":"2024-12-11T13:54:34","modified_gmt":"2024-12-11T10:54:34","slug":"iletisimbilgileri","status":"publish","type":"page","link":"https:\/\/7kitadagitim.com\/index.php\/utts\/iletisimbilgileri\/","title":{"rendered":"\u0130leti\u015fim Bilgileri"},"content":{"rendered":"<p>[vc_row full_width=&#8221;stretch_row_content_no_spaces&#8221; disable_element=&#8221;yes&#8221;][vc_column][vc_single_image image=&#8221;11592&#8243; img_size=&#8221;full&#8221; alignment=&#8221;center&#8221;][\/vc_column][\/vc_row][vc_row css=&#8221;.vc_custom_1659969638351{padding-top: 200px !important;padding-bottom: 20px !important;}&#8221;][vc_column][vc_row_inner css=&#8221;.vc_custom_1659457543340{padding-top: 20px !important;padding-bottom: 20px !important;background-color: #ffffff !important;border-radius: 10px !important;}&#8221;][vc_column_inner width=&#8221;1\/3&#8243; css=&#8221;.vc_custom_1659457577061{padding-top: 10px !important;padding-bottom: 10px !important;}&#8221;][vc_custom_heading text=&#8221;Her ihtiyac\u0131n\u0131zda yan\u0131n\u0131zday\u0131z&#8221; font_container=&#8221;tag:h3|text_align:left&#8221; use_theme_fonts=&#8221;yes&#8221;][vc_empty_space height=&#8221;10px&#8221;][vc_column_text]<\/p>\n<div class=\"wpb_text_column wpb_content_element \">\n<div class=\"wpb_wrapper\">\n<p>7 K\u0131ta Petrol istasyonlar\u0131 ile ileti\u015fime ge\u00e7mek \u00e7ok kolay ister a\u015fa\u011f\u0131daki formu doldurun isterseniz direkt bizi arayabilirsiniz.<\/p>\n<\/div>\n<\/div>\n<p>[\/vc_column_text][vc_empty_space height=&#8221;20px&#8221;]<p class=\"wpcf7-contact-form-not-found\"><strong>Hata:<\/strong> \u0130leti\u015fim formu bulunamad\u0131.<\/p>[\/vc_column_inner][vc_column_inner width=&#8221;2\/3&#8243; css=&#8221;.vc_custom_1659457568364{padding-top: 10px !important;padding-bottom: 10px !important;}&#8221;][vc_gmaps link=&#8221;#E-8_JTNDaWZyYW1lJTIwc3JjJTNEJTIyaHR0cHMlM0ElMkYlMkZ3d3cuZ29vZ2xlLmNvbSUyRm1hcHMlMkZkJTJGdSUyRjAlMkZlbWJlZCUzRm1pZCUzRDFQX0psM1F4YWt4YnlkbkFNUm9qcC1CeFd1SkduSXlRJTI2ZWhiYyUzRDJFMzEyRiUyMiUyMHdpZHRoJTNEJTIyNjQwJTIyJTIwaGVpZ2h0JTNEJTIyNDgwJTIyJTNFJTNDJTJGaWZyYW1lJTNF&#8221;][vc_btn title=&#8221;KONUMA G\u0130TMEK \u0130\u00c7\u0130N TIKLAYIN&#8221; style=&#8221;gradient-custom&#8221; gradient_custom_color_1=&#8221;#ff0000&#8243; gradient_custom_color_2=&#8221;#d21616&#8243; align=&#8221;center&#8221; link=&#8221;url:https%3A%2F%2Fgoo.gl%2Fmaps%2F6LqycCN1jhwNTMnP8&#8243; css=&#8221;.vc_custom_1659694055479{padding-top: 20px !important;}&#8221;][\/vc_column_inner][\/vc_row_inner][\/vc_column][\/vc_row][vc_row disable_element=&#8221;yes&#8221; css=&#8221;.vc_custom_1659456860478{padding-top: 80px !important;padding-bottom: 80px !important;}&#8221;][vc_column width=&#8221;1\/3&#8243;][vc_custom_heading text=&#8221;Her ihtiyac\u0131n\u0131zda yan\u0131n\u0131zday\u0131z&#8221; font_container=&#8221;tag:h3|text_align:left&#8221; use_theme_fonts=&#8221;yes&#8221;][vc_empty_space height=&#8221;10px&#8221;][vc_column_text]<\/p>\n<div class=\"wpb_text_column wpb_content_element \">\n<div class=\"wpb_wrapper\">\n<p>7 K\u0131ta Petrol istasyonlar\u0131 ile ileti\u015fime ge\u00e7mek \u00e7ok kolay ister a\u015fa\u011f\u0131daki formu doldurun isterseniz direkt bizi arayabilirsiniz.<\/p>\n<\/div>\n<\/div>\n<p>[\/vc_column_text][vc_empty_space height=&#8221;20px&#8221;]<p class=\"wpcf7-contact-form-not-found\"><strong>Hata:<\/strong> \u0130leti\u015fim formu bulunamad\u0131.<\/p>[\/vc_column][vc_column width=&#8221;2\/3&#8243;][vc_gmaps link=&#8221;#E-8_JTNDaWZyYW1lJTIwc3JjJTNEJTIyaHR0cHMlM0ElMkYlMkZ3d3cuZ29vZ2xlLmNvbSUyRm1hcHMlMkZkJTJGZW1iZWQlM0ZtaWQlM0QxUF9KbDNReGFreGJ5ZG5BTVJvanAtQnhXdUpHbkl5USUyNmVoYmMlM0QyRTMxMkYlMjIlMjB3aWR0aCUzRCUyMjY0MCUyMiUyMGhlaWdodCUzRCUyMjQ4MCUyMiUzRSUzQyUyRmlmcmFtZSUzRQ==&#8221;][vc_gmaps link=&#8221;#E-8_JTNDaWZyYW1lJTIwc3JjJTNEJTIyaHR0cHMlM0ElMkYlMkZ3d3cuZ29vZ2xlLmNvbSUyRm1hcHMlMkZlbWJlZCUzRnBiJTNEJTIxMW0xOCUyMTFtMTIlMjExbTMlMjExZDMxMjIuNjcwNjkzNjY4MzMxMyUyMTJkMjcuNzM0OTYwMzE1Nzc0MzUlMjEzZDM4LjQ5NTIzOTk3OTYzNDclMjEybTMlMjExZjAlMjEyZjAlMjEzZjAlMjEzbTIlMjExaTEwMjQlMjEyaTc2OCUyMTRmMTMuMSUyMTNtMyUyMTFtMiUyMTFzMHgxNGI5YTdkZjg4ODgwYzg5JTI1M0EweDUxMjAyMTZkYzlhMmZhY2IlMjEyek55Qkx4TEYwWVElMjE1ZTAlMjEzbTIlMjExc3RyJTIxMnN0ciUyMTR2MTY1OTQ1Njc4NjExOCUyMTVtMiUyMTFzdHIlMjEyc3RyJTIyJTIwd2lkdGglM0QlMjI2MDAlMjIlMjBoZWlnaHQlM0QlMjI0NTAlMjIlMjBzdHlsZSUzRCUyMmJvcmRlciUzQTAlM0IlMjIlMjBhbGxvd2Z1bGxzY3JlZW4lM0QlMjIlMjIlMjBsb2FkaW5nJTNEJTIybGF6eSUyMiUyMHJlZmVycmVycG9saWN5JTNEJTIybm8tcmVmZXJyZXItd2hlbi1kb3duZ3JhZGUlMjIlM0UlM0MlMkZpZnJhbWUlM0U=&#8221;][\/vc_column][\/vc_row][vc_row gap=&#8221;35&#8243; bg_type=&#8221;grad&#8221; bg_override=&#8221;ex-full&#8221; bg_grad=&#8221;background: -webkit-gradient(linear, left top, left bottom, color-stop(0%, #FF0000), color-stop(73%, #D21616));background: -moz-linear-gradient(left,#FF0000 0%,#D21616 73%);background: -webkit-linear-gradient(left,#FF0000 0%,#D21616 73%);background: -o-linear-gradient(left,#FF0000 0%,#D21616 73%);background: -ms-linear-gradient(left,#FF0000 0%,#D21616 73%);background: linear-gradient(left,#FF0000 0%,#D21616 73%);&#8221;][vc_column][vc_row_inner content_placement=&#8221;middle&#8221; css=&#8221;.vc_custom_1659287041530{padding-top: 30px !important;padding-bottom: 30px !important;background-color: #ffffff !important;border-radius: 10px !important;}&#8221;][vc_column_inner width=&#8221;1\/4&#8243;]<div class=\"ult-spacer spacer-69f0b66361158\" data-id=\"69f0b66361158\" data-height=\"0\" data-height-mobile=\"40\" data-height-tab=\"\" data-height-tab-portrait=\"\" data-height-mobile-landscape=\"40\" style=\"clear:both;display:block;\"><\/div><div class=\"aio-icon-component    style_1\"><div id=\"Info-box-wrap-7660\" class=\"aio-icon-box default-icon\" style=\"\"  ><div class=\"aio-icon-default\"><div class=\"ult-just-icon-wrapper  \"><div class=\"align-icon\" style=\"text-align:center;\">\n<div class=\"aio-icon none \"  style=\"color:#333;font-size:20px;display:inline-block;\">\n\t<i class=\"Defaults-clock-o\"><\/i>\n<\/div><\/div><\/div><\/div><div class=\"aio-icon-header\" ><h3 class=\"aio-icon-title ult-responsive\"  data-ultimate-target='#Info-box-wrap-7660 .aio-icon-title'  data-responsive-json-new='{\"font-size\":\"\",\"line-height\":\"\"}'  style=\"font-family:&#039;Poppins&#039;;font-weight:700;\">\u00c7al\u0131\u015fma Zamanlar\u0131m\u0131z<\/h3><\/div> <!-- header --><div class=\"aio-icon-description ult-responsive\"  data-ultimate-target='#Info-box-wrap-7660 .aio-icon-description'  data-responsive-json-new='{\"font-size\":\"\",\"line-height\":\"\"}'  style=\"font-family:&#039;Roboto&#039;;\"><strong>Pazartesi \u2013 Cuma<\/strong>: 08:00 \/ 18:00<br \/>\n<strong>Cumartesi<\/strong>: 09:00 \/ 14:00<\/div> <!-- description --><\/div> <!-- aio-icon-box --><\/div> <!-- aio-icon-component -->[\/vc_column_inner][vc_column_inner width=&#8221;1\/4&#8243;]<div class=\"ult-spacer spacer-69f0b663616d3\" data-id=\"69f0b663616d3\" data-height=\"0\" data-height-mobile=\"40\" data-height-tab=\"\" data-height-tab-portrait=\"\" data-height-mobile-landscape=\"40\" style=\"clear:both;display:block;\"><\/div><div class=\"aio-icon-component    style_1\"><div id=\"Info-box-wrap-3974\" class=\"aio-icon-box default-icon\" style=\"\"  ><div class=\"aio-icon-default\"><div class=\"ult-just-icon-wrapper  \"><div class=\"align-icon\" style=\"text-align:center;\">\n<div class=\"aio-icon none \"  style=\"color:#333;font-size:20px;display:inline-block;\">\n\t<i class=\"Defaults-envelope\"><\/i>\n<\/div><\/div><\/div><\/div><div class=\"aio-icon-header\" ><h3 class=\"aio-icon-title ult-responsive\"  data-ultimate-target='#Info-box-wrap-3974 .aio-icon-title'  data-responsive-json-new='{\"font-size\":\"\",\"line-height\":\"\"}'  style=\"font-family:&#039;Poppins&#039;;font-weight:700;\">E - Posta<\/h3><\/div> <!-- header --><div class=\"aio-icon-description ult-responsive\"  data-ultimate-target='#Info-box-wrap-3974 .aio-icon-description'  data-responsive-json-new='{\"font-size\":\"\",\"line-height\":\"\"}'  style=\"font-family:&#039;Roboto&#039;;\"><strong>Bilgi:<\/strong>\u00a0info@7kitadagitim.com<br \/>\notomasyon@7kitadagitim.com<\/div> <!-- description --><\/div> <!-- aio-icon-box --><\/div> <!-- aio-icon-component -->[\/vc_column_inner][vc_column_inner width=&#8221;1\/4&#8243;]<div class=\"ult-spacer spacer-69f0b663617c4\" data-id=\"69f0b663617c4\" data-height=\"0\" data-height-mobile=\"40\" data-height-tab=\"\" data-height-tab-portrait=\"\" data-height-mobile-landscape=\"40\" style=\"clear:both;display:block;\"><\/div><div class=\"aio-icon-component    style_1\"><div id=\"Info-box-wrap-2504\" class=\"aio-icon-box default-icon\" style=\"\"  ><div class=\"aio-icon-default\"><div class=\"ult-just-icon-wrapper  \"><div class=\"align-icon\" style=\"text-align:center;\">\n<div class=\"aio-icon none \"  style=\"color:#333;font-size:20px;display:inline-block;\">\n\t<i class=\"Defaults-phone\"><\/i>\n<\/div><\/div><\/div><\/div><div class=\"aio-icon-header\" ><h3 class=\"aio-icon-title ult-responsive\"  data-ultimate-target='#Info-box-wrap-2504 .aio-icon-title'  data-responsive-json-new='{\"font-size\":\"\",\"line-height\":\"\"}'  style=\"font-family:&#039;Poppins&#039;;font-weight:700;\">\u0130leti\u015fim Bilgileri<\/h3><\/div> <!-- header --><div class=\"aio-icon-description ult-responsive\"  data-ultimate-target='#Info-box-wrap-2504 .aio-icon-description'  data-responsive-json-new='{\"font-size\":\"\",\"line-height\":\"\"}'  style=\"font-family:&#039;Roboto&#039;;\">444 7 582<br \/>\n444 7 KTA<\/div> <!-- description --><\/div> <!-- aio-icon-box --><\/div> <!-- aio-icon-component -->[\/vc_column_inner][vc_column_inner width=&#8221;1\/4&#8243;]<div class=\"ult-spacer spacer-69f0b66361898\" data-id=\"69f0b66361898\" data-height=\"\" data-height-mobile=\"40\" data-height-tab=\"\" data-height-tab-portrait=\"\" data-height-mobile-landscape=\"40\" style=\"clear:both;display:block;\"><\/div><div class=\"aio-icon-component    style_1\"><div id=\"Info-box-wrap-8035\" class=\"aio-icon-box default-icon\" style=\"\"  ><div class=\"aio-icon-default\"><div class=\"ult-just-icon-wrapper  \"><div class=\"align-icon\" style=\"text-align:center;\">\n<div class=\"aio-icon none \"  style=\"color:#333;font-size:20px;display:inline-block;\">\n\t<i class=\"Defaults-building\"><\/i>\n<\/div><\/div><\/div><\/div><div class=\"aio-icon-header\" ><h3 class=\"aio-icon-title ult-responsive\"  data-ultimate-target='#Info-box-wrap-8035 .aio-icon-title'  data-responsive-json-new='{\"font-size\":\"\",\"line-height\":\"\"}'  style=\"font-family:&#039;Poppins&#039;;font-weight:700;\">Adres<\/h3><\/div> <!-- header --><div class=\"aio-icon-description ult-responsive\"  data-ultimate-target='#Info-box-wrap-8035 .aio-icon-description'  data-responsive-json-new='{\"font-size\":\"\",\"line-height\":\"\"}'  style=\"font-family:&#039;Roboto&#039;;\">Ergenekon Mahallesi, Ahmet S\u0131tk\u0131 Efendi Sk.No 3\/1 Turgutlu \u2013 Manisa<\/div> <!-- description --><\/div> <!-- aio-icon-box --><\/div> <!-- aio-icon-component -->[\/vc_column_inner][\/vc_row_inner][\/vc_column][\/vc_row]<\/p>\n","protected":false},"excerpt":{"rendered":"<p>[vc_row full_width=&#8221;stretch_row_content_no_spaces&#8221; disable_element=&#8221;yes&#8221;][vc_column][vc_single_image image=&#8221;11592&#8243; img_size=&#8221;full&#8221; alignment=&#8221;center&#8221;][\/vc_column][\/vc_row][vc_row css=&#8221;.vc_custom_1659969638351{padding-top: 200px !important;padding-bottom: 20px !important;}&#8221;][vc_column][vc_row_inner css=&#8221;.vc_custom_1659457543340{padding-top: 20px !important;padding-bottom: 20px !important;background-color: #ffffff !important;border-radius: 10px !important;}&#8221;][vc_column_inner width=&#8221;1\/3&#8243; css=&#8221;.vc_custom_1659457577061{padding-top: 10px !important;padding-bottom: 10px !important;}&#8221;][vc_custom_heading text=&#8221;Her ihtiyac\u0131n\u0131zda yan\u0131n\u0131zday\u0131z&#8221; font_container=&#8221;tag:h3|text_align:left&#8221; use_theme_fonts=&#8221;yes&#8221;][vc_empty_space height=&#8221;10px&#8221;][vc_column_text] 7 K\u0131ta Petrol istasyonlar\u0131 ile ileti\u015fime ge\u00e7mek \u00e7ok kolay ister a\u015fa\u011f\u0131daki formu doldurun isterseniz direkt bizi arayabilirsiniz. [\/vc_column_text][vc_empty_space height=&#8221;20px&#8221;][\/vc_column_inner][vc_column_inner width=&#8221;2\/3&#8243; css=&#8221;.vc_custom_1659457568364{padding-top: 10px !important;padding-bottom: [&hellip;]<\/p>\n","protected":false},"author":1,"featured_media":0,"parent":364,"menu_order":0,"comment_status":"closed","ping_status":"closed","template":"page.php","meta":{"footnotes":""},"class_list":["post-11554","page","type-page","status-publish","hentry"],"_links":{"self":[{"href":"https:\/\/7kitadagitim.com\/index.php\/wp-json\/wp\/v2\/pages\/11554","targetHints":{"allow":["GET"]}}],"collection":[{"href":"https:\/\/7kitadagitim.com\/index.php\/wp-json\/wp\/v2\/pages"}],"about":[{"href":"https:\/\/7kitadagitim.com\/index.php\/wp-json\/wp\/v2\/types\/page"}],"author":[{"embeddable":true,"href":"https:\/\/7kitadagitim.com\/index.php\/wp-json\/wp\/v2\/users\/1"}],"replies":[{"embeddable":true,"href":"https:\/\/7kitadagitim.com\/index.php\/wp-json\/wp\/v2\/comments?post=11554"}],"version-history":[{"count":71,"href":"https:\/\/7kitadagitim.com\/index.php\/wp-json\/wp\/v2\/pages\/11554\/revisions"}],"predecessor-version":[{"id":12303,"href":"https:\/\/7kitadagitim.com\/index.php\/wp-json\/wp\/v2\/pages\/11554\/revisions\/12303"}],"up":[{"embeddable":true,"href":"https:\/\/7kitadagitim.com\/index.php\/wp-json\/wp\/v2\/pages\/364"}],"wp:attachment":[{"href":"https:\/\/7kitadagitim.com\/index.php\/wp-json\/wp\/v2\/media?parent=11554"}],"curies":[{"name":"wp","href":"https:\/\/api.w.org\/{rel}","templated":true}]}}