{"id":12007,"date":"2022-08-08T14:46:58","date_gmt":"2022-08-08T11:46:58","guid":{"rendered":"https:\/\/7kitadagitim.com\/?page_id=12007"},"modified":"2025-08-22T19:50:45","modified_gmt":"2025-08-22T16:50:45","slug":"yonetim","status":"publish","type":"page","link":"https:\/\/7kitadagitim.com\/index.php\/yonetim\/","title":{"rendered":"Y\u00f6netim"},"content":{"rendered":"<p>[vc_row full_width=&#8221;stretch_row_content_no_spaces&#8221; equal_height=&#8221;yes&#8221; content_placement=&#8221;middle&#8221;][vc_column el_class=&#8221;home-padding2&#8243;][vc_custom_heading text=&#8221;G\u00f6khan AKIN&#8221; font_container=&#8221;tag:h2|font_size:24|text_align:center&#8221; google_fonts=&#8221;font_family:Roboto%3A100%2C100italic%2C300%2C300italic%2Cregular%2Citalic%2C500%2C500italic%2C700%2C700italic%2C900%2C900italic|font_style:400%20regular%3A400%3Anormal&#8221; css=&#8221;.vc_custom_1659959712934{padding-top: 30px !important;}&#8221;][vc_separator color=&#8221;custom&#8221; border_width=&#8221;2&#8243; el_width=&#8221;10&#8243; accent_color=&#8221;#ff0000&#8243;][vc_custom_heading text=&#8221;Y\u00f6netim Kurulu Ba\u015fkan\u0131&#8221; font_container=&#8221;tag:h2|font_size:16|text_align:center&#8221; google_fonts=&#8221;font_family:Roboto%3A100%2C100italic%2C300%2C300italic%2Cregular%2Citalic%2C500%2C500italic%2C700%2C700italic%2C900%2C900italic|font_style:400%20regular%3A400%3Anormal&#8221;][vc_custom_heading text=&#8221;gokhanakin@7kitadagitim.com&#8221; font_container=&#8221;tag:h2|font_size:14|text_align:center&#8221; google_fonts=&#8221;font_family:Roboto%3A100%2C100italic%2C300%2C300italic%2Cregular%2Citalic%2C500%2C500italic%2C700%2C700italic%2C900%2C900italic|font_style:400%20regular%3A400%3Anormal&#8221; link=&#8221;url:mailto%3Agokhanakin%407kitadagitim.com&#8221;]<div class=\"ult-just-icon-wrapper  \"><div class=\"align-icon\" style=\"text-align:center;\">\n<div class=\"aio-icon none \"  style=\"color:#333;font-size:20px;display:inline-block;\">\n\t<i class=\"linearicons-envelope-open\"><\/i>\n<\/div><\/div><\/div>[\/vc_column][\/vc_row][vc_row equal_height=&#8221;yes&#8221; content_placement=&#8221;top&#8221; css=&#8221;.vc_custom_1661242589215{padding-top: 50px !important;}&#8221;][vc_column width=&#8221;1\/4&#8243; el_class=&#8221;home-padding2&#8243;][vc_custom_heading text=&#8221;Erdi ERTEM&#8221; font_container=&#8221;tag:h2|font_size:24|text_align:center&#8221; google_fonts=&#8221;font_family:Roboto%3A100%2C100italic%2C300%2C300italic%2Cregular%2Citalic%2C500%2C500italic%2C700%2C700italic%2C900%2C900italic|font_style:400%20regular%3A400%3Anormal&#8221; css=&#8221;.vc_custom_1747028628262{padding-top: 30px !important;}&#8221;][vc_separator color=&#8221;custom&#8221; border_width=&#8221;2&#8243; el_width=&#8221;50&#8243; accent_color=&#8221;#ff0000&#8243;][vc_custom_heading text=&#8221;Genel M\u00fcd\u00fcr&#8221; font_container=&#8221;tag:h2|font_size:16|text_align:center&#8221; google_fonts=&#8221;font_family:Roboto%3A100%2C100italic%2C300%2C300italic%2Cregular%2Citalic%2C500%2C500italic%2C700%2C700italic%2C900%2C900italic|font_style:400%20regular%3A400%3Anormal&#8221;][\/vc_column][vc_column width=&#8221;1\/4&#8243;][vc_custom_heading text=&#8221;Tuncay PUL\u00c7A&#8221; font_container=&#8221;tag:h2|font_size:24|text_align:center&#8221; google_fonts=&#8221;font_family:Roboto%3A100%2C100italic%2C300%2C300italic%2Cregular%2Citalic%2C500%2C500italic%2C700%2C700italic%2C900%2C900italic|font_style:400%20regular%3A400%3Anormal&#8221; css=&#8221;.vc_custom_1732831241690{padding-top: 30px !important;}&#8221;][vc_separator color=&#8221;custom&#8221; border_width=&#8221;2&#8243; el_width=&#8221;50&#8243; accent_color=&#8221;#ff0000&#8243;][vc_custom_heading text=&#8221;Muhasebe M\u00fcd\u00fcr\u00fc&#8221; font_container=&#8221;tag:h2|font_size:16|text_align:center&#8221; google_fonts=&#8221;font_family:Roboto%3A100%2C100italic%2C300%2C300italic%2Cregular%2Citalic%2C500%2C500italic%2C700%2C700italic%2C900%2C900italic|font_style:400%20regular%3A400%3Anormal&#8221;][\/vc_column][vc_column width=&#8221;1\/4&#8243;][vc_custom_heading text=&#8221;\u0130brahim KES\u0130M&#8221; font_container=&#8221;tag:h2|font_size:24|text_align:center&#8221; google_fonts=&#8221;font_family:Roboto%3A100%2C100italic%2C300%2C300italic%2Cregular%2Citalic%2C500%2C500italic%2C700%2C700italic%2C900%2C900italic|font_style:400%20regular%3A400%3Anormal&#8221; css=&#8221;.vc_custom_1732831293740{padding-top: 30px !important;}&#8221;][vc_separator color=&#8221;custom&#8221; border_width=&#8221;2&#8243; el_width=&#8221;50&#8243; accent_color=&#8221;#ff0000&#8243;][vc_custom_heading text=&#8221;Sevkiyat ve \u0130kmal M\u00fcd\u00fcr\u00fc&#8221; font_container=&#8221;tag:h2|font_size:16|text_align:center&#8221; google_fonts=&#8221;font_family:Roboto%3A100%2C100italic%2C300%2C300italic%2Cregular%2Citalic%2C500%2C500italic%2C700%2C700italic%2C900%2C900italic|font_style:400%20regular%3A400%3Anormal&#8221;][\/vc_column][vc_column width=&#8221;1\/4&#8243;][vc_custom_heading text=&#8221;Serkan G\u00dcNAY&#8221; font_container=&#8221;tag:h2|font_size:24|text_align:center&#8221; google_fonts=&#8221;font_family:Roboto%3A100%2C100italic%2C300%2C300italic%2Cregular%2Citalic%2C500%2C500italic%2C700%2C700italic%2C900%2C900italic|font_style:400%20regular%3A400%3Anormal&#8221; css=&#8221;.vc_custom_1755881389780{padding-top: 30px !important;}&#8221;][vc_separator color=&#8221;custom&#8221; border_width=&#8221;2&#8243; el_width=&#8221;50&#8243; accent_color=&#8221;#ff0000&#8243;][vc_custom_heading text=&#8221;Otomasyon ve Bilgi \u0130\u015flem M\u00fcd\u00fcr\u00fc&#8221; font_container=&#8221;tag:h2|font_size:16|text_align:center&#8221; google_fonts=&#8221;font_family:Roboto%3A100%2C100italic%2C300%2C300italic%2Cregular%2Citalic%2C500%2C500italic%2C700%2C700italic%2C900%2C900italic|font_style:400%20regular%3A400%3Anormal&#8221;][\/vc_column][\/vc_row][vc_row equal_height=&#8221;yes&#8221; content_placement=&#8221;top&#8221; css=&#8221;.vc_custom_1660211973658{padding-bottom: 100px !important;}&#8221;][vc_column width=&#8221;1\/4&#8243; el_class=&#8221;home-padding2&#8243;]<div class=\"ult-just-icon-wrapper  \"><div class=\"align-icon\" style=\"text-align:center;\">\n<div class=\"aio-icon none \"  style=\"color:#333;font-size:20px;display:inline-block;\">\n\t<i class=\"linearicons-envelope-open\"><\/i>\n<\/div><\/div><\/div>[vc_custom_heading text=&#8221;0532 249 8845<\/p>\n<p>erdiertem@7kitadagitim.com&#8221; font_container=&#8221;tag:h2|font_size:14|text_align:center&#8221; google_fonts=&#8221;font_family:Roboto%3A100%2C100italic%2C300%2C300italic%2Cregular%2Citalic%2C500%2C500italic%2C700%2C700italic%2C900%2C900italic|font_style:400%20regular%3A400%3Anormal&#8221; link=&#8221;url:tel%3A%2B905322498845|title:kamilsipahi%407kitadagitim.com&#8221;][\/vc_column][vc_column width=&#8221;1\/4&#8243;]<div class=\"ult-just-icon-wrapper  \"><div class=\"align-icon\" style=\"text-align:center;\">\n<div class=\"aio-icon none \"  style=\"color:#333;font-size:20px;display:inline-block;\">\n\t<i class=\"linearicons-envelope-open\"><\/i>\n<\/div><\/div><\/div>[vc_custom_heading text=&#8221;0537 656 5714<\/p>\n<p>tuncaypulca@7kitadagitim.com&#8221; font_container=&#8221;tag:h2|font_size:14|text_align:center&#8221; google_fonts=&#8221;font_family:Roboto%3A100%2C100italic%2C300%2C300italic%2Cregular%2Citalic%2C500%2C500italic%2C700%2C700italic%2C900%2C900italic|font_style:400%20regular%3A400%3Anormal&#8221; link=&#8221;url:tel%3A%2B905376565714&#8243;][\/vc_column][vc_column width=&#8221;1\/4&#8243;]<div class=\"ult-just-icon-wrapper  \"><div class=\"align-icon\" style=\"text-align:center;\">\n<div class=\"aio-icon none \"  style=\"color:#333;font-size:20px;display:inline-block;\">\n\t<i class=\"linearicons-envelope-open\"><\/i>\n<\/div><\/div><\/div>[vc_custom_heading text=&#8221;0530 624 6207<\/p>\n<p>ibrahimkesim@7kitadagitim.com&#8221; font_container=&#8221;tag:h2|font_size:14|text_align:center&#8221; google_fonts=&#8221;font_family:Roboto%3A100%2C100italic%2C300%2C300italic%2Cregular%2Citalic%2C500%2C500italic%2C700%2C700italic%2C900%2C900italic|font_style:400%20regular%3A400%3Anormal&#8221; link=&#8221;url:tel%3A%2B905306246207&#8243;][\/vc_column][vc_column width=&#8221;1\/4&#8243;]<div class=\"ult-just-icon-wrapper  \"><div class=\"align-icon\" style=\"text-align:center;\">\n<div class=\"aio-icon none \"  style=\"color:#333;font-size:20px;display:inline-block;\">\n\t<i class=\"linearicons-envelope-open\"><\/i>\n<\/div><\/div><\/div>[vc_custom_heading text=&#8221;0539 413 15 58<\/p>\n<p>serkangunay@7kitadagitim.com&#8221; font_container=&#8221;tag:h2|font_size:14|text_align:center&#8221; google_fonts=&#8221;font_family:Roboto%3A100%2C100italic%2C300%2C300italic%2Cregular%2Citalic%2C500%2C500italic%2C700%2C700italic%2C900%2C900italic|font_style:400%20regular%3A400%3Anormal&#8221; link=&#8221;url:tel%3A%2B905306246207&#8243;][\/vc_column][\/vc_row][vc_row][vc_column][vc_column_text][\/vc_column_text][\/vc_column][\/vc_row][vc_row][vc_column][vc_column_text][\/vc_column_text][\/vc_column][\/vc_row]<\/p>\n","protected":false},"excerpt":{"rendered":"<p>[vc_row full_width=&#8221;stretch_row_content_no_spaces&#8221; equal_height=&#8221;yes&#8221; content_placement=&#8221;middle&#8221;][vc_column el_class=&#8221;home-padding2&#8243;][vc_custom_heading text=&#8221;G\u00f6khan AKIN&#8221; font_container=&#8221;tag:h2|font_size:24|text_align:center&#8221; google_fonts=&#8221;font_family:Roboto%3A100%2C100italic%2C300%2C300italic%2Cregular%2Citalic%2C500%2C500italic%2C700%2C700italic%2C900%2C900italic|font_style:400%20regular%3A400%3Anormal&#8221; css=&#8221;.vc_custom_1659959712934{padding-top: 30px !important;}&#8221;][vc_separator color=&#8221;custom&#8221; border_width=&#8221;2&#8243; el_width=&#8221;10&#8243; accent_color=&#8221;#ff0000&#8243;][vc_custom_heading text=&#8221;Y\u00f6netim Kurulu Ba\u015fkan\u0131&#8221; font_container=&#8221;tag:h2|font_size:16|text_align:center&#8221; google_fonts=&#8221;font_family:Roboto%3A100%2C100italic%2C300%2C300italic%2Cregular%2Citalic%2C500%2C500italic%2C700%2C700italic%2C900%2C900italic|font_style:400%20regular%3A400%3Anormal&#8221;][vc_custom_heading text=&#8221;gokhanakin@7kitadagitim.com&#8221; font_container=&#8221;tag:h2|font_size:14|text_align:center&#8221; google_fonts=&#8221;font_family:Roboto%3A100%2C100italic%2C300%2C300italic%2Cregular%2Citalic%2C500%2C500italic%2C700%2C700italic%2C900%2C900italic|font_style:400%20regular%3A400%3Anormal&#8221; link=&#8221;url:mailto%3Agokhanakin%407kitadagitim.com&#8221;][\/vc_column][\/vc_row][vc_row equal_height=&#8221;yes&#8221; content_placement=&#8221;top&#8221; css=&#8221;.vc_custom_1661242589215{padding-top: 50px !important;}&#8221;][vc_column width=&#8221;1\/4&#8243; el_class=&#8221;home-padding2&#8243;][vc_custom_heading text=&#8221;Erdi ERTEM&#8221; font_container=&#8221;tag:h2|font_size:24|text_align:center&#8221; google_fonts=&#8221;font_family:Roboto%3A100%2C100italic%2C300%2C300italic%2Cregular%2Citalic%2C500%2C500italic%2C700%2C700italic%2C900%2C900italic|font_style:400%20regular%3A400%3Anormal&#8221; css=&#8221;.vc_custom_1747028628262{padding-top: 30px !important;}&#8221;][vc_separator color=&#8221;custom&#8221; border_width=&#8221;2&#8243; el_width=&#8221;50&#8243; accent_color=&#8221;#ff0000&#8243;][vc_custom_heading text=&#8221;Genel M\u00fcd\u00fcr&#8221; font_container=&#8221;tag:h2|font_size:16|text_align:center&#8221; google_fonts=&#8221;font_family:Roboto%3A100%2C100italic%2C300%2C300italic%2Cregular%2Citalic%2C500%2C500italic%2C700%2C700italic%2C900%2C900italic|font_style:400%20regular%3A400%3Anormal&#8221;][\/vc_column][vc_column width=&#8221;1\/4&#8243;][vc_custom_heading text=&#8221;Tuncay PUL\u00c7A&#8221; font_container=&#8221;tag:h2|font_size:24|text_align:center&#8221; google_fonts=&#8221;font_family:Roboto%3A100%2C100italic%2C300%2C300italic%2Cregular%2Citalic%2C500%2C500italic%2C700%2C700italic%2C900%2C900italic|font_style:400%20regular%3A400%3Anormal&#8221; css=&#8221;.vc_custom_1732831241690{padding-top: 30px !important;}&#8221;][vc_separator [&hellip;]<\/p>\n","protected":false},"author":1,"featured_media":0,"parent":0,"menu_order":0,"comment_status":"closed","ping_status":"closed","template":"page.php","meta":{"footnotes":""},"class_list":["post-12007","page","type-page","status-publish","hentry"],"_links":{"self":[{"href":"https:\/\/7kitadagitim.com\/index.php\/wp-json\/wp\/v2\/pages\/12007","targetHints":{"allow":["GET"]}}],"collection":[{"href":"https:\/\/7kitadagitim.com\/index.php\/wp-json\/wp\/v2\/pages"}],"about":[{"href":"https:\/\/7kitadagitim.com\/index.php\/wp-json\/wp\/v2\/types\/page"}],"author":[{"embeddable":true,"href":"https:\/\/7kitadagitim.com\/index.php\/wp-json\/wp\/v2\/users\/1"}],"replies":[{"embeddable":true,"href":"https:\/\/7kitadagitim.com\/index.php\/wp-json\/wp\/v2\/comments?post=12007"}],"version-history":[{"count":71,"href":"https:\/\/7kitadagitim.com\/index.php\/wp-json\/wp\/v2\/pages\/12007\/revisions"}],"predecessor-version":[{"id":12510,"href":"https:\/\/7kitadagitim.com\/index.php\/wp-json\/wp\/v2\/pages\/12007\/revisions\/12510"}],"wp:attachment":[{"href":"https:\/\/7kitadagitim.com\/index.php\/wp-json\/wp\/v2\/media?parent=12007"}],"curies":[{"name":"wp","href":"https:\/\/api.w.org\/{rel}","templated":true}]}}