{"id":366,"date":"2017-07-03T14:57:32","date_gmt":"2017-07-03T14:57:32","guid":{"rendered":"https:\/\/upperinc.com\/previews\/wp\/raven\/multipage\/?page_id=366"},"modified":"2025-01-21T14:46:07","modified_gmt":"2025-01-21T11:46:07","slug":"nerede","status":"publish","type":"page","link":"https:\/\/7kitadagitim.com\/index.php\/nerede\/","title":{"rendered":"\u0130stasyon Nerede"},"content":{"rendered":"<p>[vc_row full_width=&#8221;stretch_row_content_no_spaces&#8221;][vc_column][vc_gmaps link=&#8221;#E-8_JTNDaWZyYW1lJTIwc3JjJTNEJTIyaHR0cHMlM0ElMkYlMkZ3d3cuZ29vZ2xlLmNvbSUyRm1hcHMlMkZkJTJGZW1iZWQlM0ZtaWQlM0QxRHBSOFJPMEduZ21BeHRMTFM0Q2JDbGJYMVVxS0xxSSUyNmVoYmMlM0QyRTMxMkYlMjIlMjB3aWR0aCUzRCUyMjY0MCUyMiUyMGhlaWdodCUzRCUyMjQ4MCUyMiUzRSUzQyUyRmlmcmFtZSUzRQ==&#8221; size=&#8221;800px&#8221;][\/vc_column][\/vc_row][vc_row bg_type=&#8221;bg_color&#8221; bg_override=&#8221;ex-full&#8221; css=&#8221;.vc_custom_1525368130518{padding-top: 100px !important;padding-bottom: 100px !important;}&#8221; bg_color_value=&#8221;#ffffff&#8221;][vc_column width=&#8221;1\/3&#8243;][vc_column_text]<\/p>\n<h2 class=\"extra-large-font\"><span style=\"font-weight: 100;\">SEN\u0130N<\/span><br \/>\n\u0130\u00c7\u0130N\u00a0<span style=\"font-weight: 100;\">SANA<\/span><br \/>\n<span style=\"color: #e30d1c;\">YAKIN<\/span><\/h2>\n<p>[\/vc_column_text]<div class=\"ult-spacer spacer-69f3a02029a62\" data-id=\"69f3a02029a62\" data-height=\"0\" data-height-mobile=\"40\" data-height-tab=\"\" data-height-tab-portrait=\"\" data-height-mobile-landscape=\"40\" style=\"clear:both;display:block;\"><\/div>[\/vc_column][vc_column width=&#8221;1\/3&#8243;][vc_custom_heading text=&#8221;En yak\u0131n istasyonu bul&#8221; font_container=&#8221;tag:h3|text_align:left&#8221; use_theme_fonts=&#8221;yes&#8221;][vc_empty_space height=&#8221;25px&#8221;][vc_column_text]Detayl\u0131 haritam\u0131z \u00fczerinden t\u00fcm 7K\u0131ta istasyonlar\u0131n\u0131 g\u00f6rebilir, Her bir ildeki 7K\u0131ta istasyonlar\u0131n\u0131 ve say\u0131lar\u0131n\u0131 net bir \u015fekilde takip edebilece\u011finiz bu kurtar\u0131c\u0131 uygulama \u00fczerinden yak\u0131t\u0131n\u0131z bitmek \u00fczereyken rotan\u0131z\u0131 en yak\u0131n istasyonumuza \u00e7evirebilirsiniz.[\/vc_column_text]<div class=\"ult-spacer spacer-69f3a02029a88\" data-id=\"69f3a02029a88\" data-height=\"0\" data-height-mobile=\"40\" data-height-tab=\"\" data-height-tab-portrait=\"\" data-height-mobile-landscape=\"40\" style=\"clear:both;display:block;\"><\/div>[\/vc_column][vc_column width=&#8221;1\/3&#8243;][vc_custom_heading text=&#8221;7K\u0131ta Petrolc\u00fcl\u00fck Da\u011f\u0131t\u0131m A.\u015e.&#8221; font_container=&#8221;tag:h3|text_align:left&#8221; use_theme_fonts=&#8221;yes&#8221;][vc_empty_space height=&#8221;25px&#8221;][vc_column_text]M\u00fc\u015fteri memnuniyetine odaklanan hizmet anlay\u0131\u015f\u0131 ve \u00fcst\u00fcn nitelikli \u00fcr\u00fcnlerle t\u00fcketicilerin yak\u0131t ihtiya\u00e7lar\u0131n\u0131 g\u00fcvenle kar\u015f\u0131lamay\u0131; yak\u0131t al\u0131\u015fveri\u015fini zevkli, h\u0131zl\u0131 ve pratik bir i\u015flem haline d\u00f6n\u00fc\u015ft\u00fcrmeyi hedeflemektedir.[\/vc_column_text][\/vc_column][\/vc_row][vc_row bg_type=&#8221;grad&#8221; bg_override=&#8221;ex-full&#8221; css=&#8221;.vc_custom_1659268931284{padding-top: 60px !important;padding-bottom: 20px !important;}&#8221; bg_grad=&#8221;background: -webkit-gradient(linear, left top, left bottom, color-stop(0%, #FF0000), color-stop(72%, #D21616));background: -moz-linear-gradient(left,#FF0000 0%,#D21616 72%);background: -webkit-linear-gradient(left,#FF0000 0%,#D21616 72%);background: -o-linear-gradient(left,#FF0000 0%,#D21616 72%);background: -ms-linear-gradient(left,#FF0000 0%,#D21616 72%);background: linear-gradient(left,#FF0000 0%,#D21616 72%);&#8221;][vc_column][vc_custom_heading text=&#8221;Detayl\u0131 haritam\u0131z \u00fczerinden t\u00fcm 7K\u0131ta Petrolc\u00fcl\u00fck Da\u011f\u0131t\u0131m A.\u015e. istasyonlar\u0131n\u0131 g\u00f6rebilir, bulundu\u011funuz il ve il\u00e7eye g\u00f6re size en yak\u0131n istasyonu bulabilirsiniz.&#8221; font_container=&#8221;tag:p|font_size:20px|text_align:center|color:%23ffffff&#8221; use_theme_fonts=&#8221;yes&#8221; css=&#8221;.vc_custom_1661235548888{padding-top: 50px !important;padding-bottom: 50px !important;}&#8221;][\/vc_column][\/vc_row]<\/p>\n","protected":false},"excerpt":{"rendered":"<p>[vc_row full_width=&#8221;stretch_row_content_no_spaces&#8221;][vc_column][vc_gmaps link=&#8221;#E-8_JTNDaWZyYW1lJTIwc3JjJTNEJTIyaHR0cHMlM0ElMkYlMkZ3d3cuZ29vZ2xlLmNvbSUyRm1hcHMlMkZkJTJGZW1iZWQlM0ZtaWQlM0QxRHBSOFJPMEduZ21BeHRMTFM0Q2JDbGJYMVVxS0xxSSUyNmVoYmMlM0QyRTMxMkYlMjIlMjB3aWR0aCUzRCUyMjY0MCUyMiUyMGhlaWdodCUzRCUyMjQ4MCUyMiUzRSUzQyUyRmlmcmFtZSUzRQ==&#8221; size=&#8221;800px&#8221;][\/vc_column][\/vc_row][vc_row bg_type=&#8221;bg_color&#8221; bg_override=&#8221;ex-full&#8221; css=&#8221;.vc_custom_1525368130518{padding-top: 100px !important;padding-bottom: 100px !important;}&#8221; bg_color_value=&#8221;#ffffff&#8221;][vc_column width=&#8221;1\/3&#8243;][vc_column_text] SEN\u0130N \u0130\u00c7\u0130N\u00a0SANA YAKIN [\/vc_column_text][\/vc_column][vc_column width=&#8221;1\/3&#8243;][vc_custom_heading text=&#8221;En yak\u0131n istasyonu bul&#8221; font_container=&#8221;tag:h3|text_align:left&#8221; use_theme_fonts=&#8221;yes&#8221;][vc_empty_space height=&#8221;25px&#8221;][vc_column_text]Detayl\u0131 haritam\u0131z \u00fczerinden t\u00fcm 7K\u0131ta istasyonlar\u0131n\u0131 g\u00f6rebilir, Her bir ildeki 7K\u0131ta istasyonlar\u0131n\u0131 ve say\u0131lar\u0131n\u0131 net bir \u015fekilde takip edebilece\u011finiz bu kurtar\u0131c\u0131 uygulama \u00fczerinden yak\u0131t\u0131n\u0131z bitmek \u00fczereyken rotan\u0131z\u0131 en yak\u0131n istasyonumuza \u00e7evirebilirsiniz.[\/vc_column_text][\/vc_column][vc_column [&hellip;]<\/p>\n","protected":false},"author":1,"featured_media":0,"parent":0,"menu_order":0,"comment_status":"closed","ping_status":"closed","template":"page.php","meta":{"footnotes":""},"class_list":["post-366","page","type-page","status-publish","hentry"],"_links":{"self":[{"href":"https:\/\/7kitadagitim.com\/index.php\/wp-json\/wp\/v2\/pages\/366","targetHints":{"allow":["GET"]}}],"collection":[{"href":"https:\/\/7kitadagitim.com\/index.php\/wp-json\/wp\/v2\/pages"}],"about":[{"href":"https:\/\/7kitadagitim.com\/index.php\/wp-json\/wp\/v2\/types\/page"}],"author":[{"embeddable":true,"href":"https:\/\/7kitadagitim.com\/index.php\/wp-json\/wp\/v2\/users\/1"}],"replies":[{"embeddable":true,"href":"https:\/\/7kitadagitim.com\/index.php\/wp-json\/wp\/v2\/comments?post=366"}],"version-history":[{"count":32,"href":"https:\/\/7kitadagitim.com\/index.php\/wp-json\/wp\/v2\/pages\/366\/revisions"}],"predecessor-version":[{"id":12307,"href":"https:\/\/7kitadagitim.com\/index.php\/wp-json\/wp\/v2\/pages\/366\/revisions\/12307"}],"wp:attachment":[{"href":"https:\/\/7kitadagitim.com\/index.php\/wp-json\/wp\/v2\/media?parent=366"}],"curies":[{"name":"wp","href":"https:\/\/api.w.org\/{rel}","templated":true}]}}