{"id":391,"date":"2017-07-03T15:29:21","date_gmt":"2017-07-03T15:29:21","guid":{"rendered":"https:\/\/upperinc.com\/previews\/wp\/raven\/multipage\/?page_id=391"},"modified":"2022-08-11T15:14:42","modified_gmt":"2022-08-11T12:14:42","slug":"urunler","status":"publish","type":"page","link":"https:\/\/7kitadagitim.com\/index.php\/utts\/urunler\/","title":{"rendered":"\u00dcr\u00fcnler"},"content":{"rendered":"<p>[vc_row bg_type=&#8221;image&#8221; parallax_style=&#8221;vcpb-vz-jquery&#8221; bg_image_new=&#8221;id^11483|url^https:\/\/7kitadagitim.com\/wp-content\/uploads\/2022\/07\/pr-head-2-scaled.jpg|caption^null|alt^null|title^pr-head-2|description^null&#8221; bg_image_repeat=&#8221;no-repeat&#8221; bg_override=&#8221;ex-full&#8221; css=&#8221;.vc_custom_1659262990574{padding-top: 120px !important;padding-bottom: 75px !important;}&#8221;][vc_column width=&#8221;1\/2&#8243;][\/vc_column][vc_column width=&#8221;1\/2&#8243;]<div class=\"ult-content-box-container \" >\t\t<div class=\"ult-content-box\" style=\"box-shadow: px px px px none;min-height:500px;-webkit-transition: all 700ms ease;-moz-transition: all 700ms ease;-ms-transition: all 700ms ease;-o-transition: all 700ms ease;transition: all 700ms ease;\"  data-hover_box_shadow=\"none\"    >\t\t<\/div><\/div>[\/vc_column][\/vc_row][vc_row css=&#8221;.vc_custom_1659263049180{padding-top: 20px !important;padding-bottom: 100px !important;}&#8221;][vc_column]<div class=\"ult-animation  ult-animate-viewport  ult-no-mobile \" data-animate=\"slideInUp\" data-animation-delay=\"0.3\" data-animation-duration=\"1\" data-animation-iteration=\"1\" style=\"opacity:0;\" data-opacity_start_effect=\"\"><section class='special_tabs icontext horizontal'><div class='tab-selector col-xs-12 col-sm-12'><\/div><div class='tab-container col-xs-12 col-sm-12' style='margin-left:0px;'><\/div><div class='label 1'><div class='skudo_icon_special_tabs'><i class='fa linearicons-gas'><\/i><\/div><div class='title'><a>Benzin<\/a><\/div><div class='divider-vertical-tabs'><\/div><\/div><div class='content 1'><p>[vc_row_inner][vc_column_inner width=&#8221;1\/2&#8243; css=&#8221;.vc_custom_1474056192226{padding-left: 25px !important;}&#8221;][vc_custom_heading text=&#8221;Benzin&#8221; font_container=&#8221;tag:h3|text_align:left&#8221; use_theme_fonts=&#8221;yes&#8221;][vc_empty_space height=&#8221;20px&#8221;][vc_column_text]T\u00fcrkiye&#8217;de benzin&#8217;in \u00f6nc\u00fcs\u00fc 7 K\u0131ta, kur\u015funsuz benzin ile araca, yol ve s\u00fcr\u00fc\u015f \u015fartlar\u0131na ba\u011fl\u0131 olarak standart kur\u015funsuz benzinlere oranla her depoda daha fazla yol kat edebilme imkan\u0131 sa\u011flar.[\/vc_column_text][vc_column_text]D\u00fcnya akaryak\u0131t pazar\u0131n\u0131n \u00f6nde gelen isimlerinden, 7 K\u0131ta Da\u011f\u0131t\u0131m, yeni kur\u015funsuz benzini ile ara\u00e7 sahiplerine daha fazla yol kat edebilme imkan\u0131 sunmaktad\u0131r. S\u0131n\u0131f\u0131n\u0131n (kur\u015funsuz benzin 95 oktan) en y\u00fcksek oktan de\u011ferine sahip olan 7 K\u0131ta, motor performans\u0131n\u0131 artt\u0131rd\u0131\u011f\u0131 gibi s\u00fcrt\u00fcnme azalt\u0131c\u0131 \u00f6zelli\u011fi ile motordaki mekanik kay\u0131plar\u0131 azaltarak, motorun rand\u0131man\u0131n\u0131 art\u0131r\u0131p yak\u0131t ekonomisi sa\u011flamaktad\u0131r. Deterjan \u00f6zelli\u011fi ile motoru temizler ve yak\u0131t sistemine zarar veren birikintileri azalt\u0131r. Enjekt\u00f6rler ve emme supaplar\u0131 gibi motorun hassas par\u00e7alar\u0131n\u0131n temizli\u011fini yaparak motorun daha sa\u011fl\u0131kl\u0131 \u00e7al\u0131\u015fmas\u0131n\u0131 sa\u011flar, \u00f6mr\u00fcn\u00fc uzat\u0131r ve yak\u0131t sistemini paslanmaya kar\u015f\u0131 korur.[\/vc_column_text][vc_empty_space height=&#8221;40px&#8221;]<div class=\"aio-icon-component   use-as-lists style_1\"><div id=\"Info-box-wrap-4939\" class=\"aio-icon-box default-icon\" style=\"\"  ><div class=\"aio-icon-default\"><div class=\"ult-just-icon-wrapper  \"><div class=\"align-icon\" style=\"text-align:center;\">\n<div class=\"aio-icon none \"  style=\"color:__USE_THEME_MAIN_COLOR__;font-size:23px;display:inline-block;\">\n\t<i class=\"linearicons-shield-check\"><\/i>\n<\/div><\/div><\/div><\/div><div class=\"aio-icon-header\" ><h3 class=\"aio-icon-title ult-responsive\"  data-ultimate-target='#Info-box-wrap-4939 .aio-icon-title'  data-responsive-json-new='{\"font-size\":\"desktop:15px;\",\"line-height\":\"\"}'  style=\"font-family:&#039;Arimo&#039;;\">Temiz<\/h3><\/div> <!-- header --><\/div> <!-- aio-icon-box --><\/div> <!-- aio-icon-component -->[vc_empty_space height=&#8221;10px&#8221;]<div class=\"aio-icon-component   use-as-lists style_1\"><div id=\"Info-box-wrap-5129\" class=\"aio-icon-box default-icon\" style=\"\"  ><div class=\"aio-icon-default\"><div class=\"ult-just-icon-wrapper  \"><div class=\"align-icon\" style=\"text-align:center;\">\n<div class=\"aio-icon none \"  style=\"color:__USE_THEME_MAIN_COLOR__;font-size:23px;display:inline-block;\">\n\t<i class=\"linearicons-database-history\"><\/i>\n<\/div><\/div><\/div><\/div><div class=\"aio-icon-header\" ><h3 class=\"aio-icon-title ult-responsive\"  data-ultimate-target='#Info-box-wrap-5129 .aio-icon-title'  data-responsive-json-new='{\"font-size\":\"desktop:15px;\",\"line-height\":\"\"}'  style=\"font-family:&#039;Arimo&#039;;\">G\u00fcvenli<\/h3><\/div> <!-- header --><\/div> <!-- aio-icon-box --><\/div> <!-- aio-icon-component -->[vc_empty_space height=&#8221;10px&#8221;]<div class=\"aio-icon-component   use-as-lists style_1\"><div id=\"Info-box-wrap-4619\" class=\"aio-icon-box default-icon\" style=\"\"  ><div class=\"aio-icon-default\"><div class=\"ult-just-icon-wrapper  \"><div class=\"align-icon\" style=\"text-align:center;\">\n<div class=\"aio-icon none \"  style=\"color:__USE_THEME_MAIN_COLOR__;font-size:23px;display:inline-block;\">\n\t<i class=\"linearicons-check\"><\/i>\n<\/div><\/div><\/div><\/div><div class=\"aio-icon-header\" ><h3 class=\"aio-icon-title ult-responsive\"  data-ultimate-target='#Info-box-wrap-4619 .aio-icon-title'  data-responsive-json-new='{\"font-size\":\"desktop:15px;\",\"line-height\":\"\"}'  style=\"font-family:&#039;Arimo&#039;;\">Tasarruflu<\/h3><\/div> <!-- header --><\/div> <!-- aio-icon-box --><\/div> <!-- aio-icon-component -->[\/vc_column_inner][vc_column_inner width=&#8221;1\/2&#8243;]<div class=\"ult-spacer spacer-6a0460c2d3b9c\" data-id=\"6a0460c2d3b9c\" data-height=\"\" data-height-mobile=\"50\" data-height-tab=\"\" data-height-tab-portrait=\"\" data-height-mobile-landscape=\"50\" style=\"clear:both;display:block;\"><\/div><div id=\"ult-carousel-28281054336a0460c2d3cde\" class=\"ult-carousel-wrapper   ult_horizontal\" data-gutter=\"15\" data-rtl=\"false\" ><div class=\"ult-carousel-6044933586a0460c2d3bc0 \" >[vc_single_image image=&#8221;11477&#8243; img_size=&#8221;full&#8221;]<\/div><\/div>\t\t\t<script type=\"text\/javascript\">\n\t\t\t\tjQuery(document).ready(function ($) {\n\t\t\t\t\tif( typeof jQuery('.ult-carousel-6044933586a0460c2d3bc0').slick == \"function\"){\n\t\t\t\t\t\t$('.ult-carousel-6044933586a0460c2d3bc0').slick({dots: true,autoplay: true,autoplaySpeed: 5000,speed: 800,infinite: true,arrows: false,slidesToScroll:1,slidesToShow:1,swipe: true,draggable: true,touchMove: true,pauseOnHover: true,pauseOnFocus: false,responsive: [\n\t\t\t\t\t\t\t{\n\t\t\t\t\t\t\t  breakpoint: 1026,\n\t\t\t\t\t\t\t  settings: {\n\t\t\t\t\t\t\t\tslidesToShow: 1,\n\t\t\t\t\t\t\t\tslidesToScroll: 1,  \n\t\t\t\t\t\t\t  }\n\t\t\t\t\t\t\t},\n\t\t\t\t\t\t\t{\n\t\t\t\t\t\t\t  breakpoint: 1025,\n\t\t\t\t\t\t\t  settings: {\n\t\t\t\t\t\t\t\tslidesToShow: 1,\n\t\t\t\t\t\t\t\tslidesToScroll: 1\n\t\t\t\t\t\t\t  }\n\t\t\t\t\t\t\t},\n\t\t\t\t\t\t\t{\n\t\t\t\t\t\t\t  breakpoint: 760,\n\t\t\t\t\t\t\t  settings: {\n\t\t\t\t\t\t\t\tslidesToShow: 1,\n\t\t\t\t\t\t\t\tslidesToScroll: 1\n\t\t\t\t\t\t\t  }\n\t\t\t\t\t\t\t}\n\t\t\t\t\t\t],pauseOnDotsHover: true,customPaging: function(slider, i) {\n                   return '<i type=\"button\" style= \"color:__USE_THEME_MAIN_COLOR__;\" class=\"ultsl-record\" data-role=\"none\"><\/i>';\n                },});\n\t\t\t\t\t}\n\t\t\t\t});\n\t\t\t<\/script>\n\t\t\t[\/vc_column_inner][\/vc_row_inner]<\/p>\n<\/div><div class='label 2'><div class='skudo_icon_special_tabs'><i class='fa linearicons-gas'><\/i><\/div><div class='title'><a>Motorin<\/a><\/div><div class='divider-vertical-tabs'><\/div><\/div><div class='content 2'><p>[vc_row_inner][vc_column_inner width=&#8221;1\/2&#8243; css=&#8221;.vc_custom_1474056192226{padding-left: 25px !important;}&#8221;][vc_custom_heading text=&#8221;Motorin&#8221; use_theme_fonts=&#8221;yes&#8221;][vc_empty_space height=&#8221;20px&#8221;][vc_column_text]<\/p>\n<p class=\"appear-animation animated fadeInUpShorter appear-animation-visible\" data-appear-animation=\"fadeInUpShorter\" data-appear-animation-delay=\"1400\">Motorin (EuroDiesel), Avrupa&#8217;da pazar pay\u0131 y\u00fcksek \u00fcr\u00fcn yaratma, geli\u015ftirme ve test etme konusunda ba\u015far\u0131l\u0131 \u00e7al\u0131\u015fmalar ger\u00e7ekle\u015ftiren 7 K\u0131ta ara\u015ft\u0131rma merkezlerinde geli\u015ftirilmi\u015f \u00fcst\u00fcn \u00f6zelliklere sahip bir dizel yak\u0131t\u0131d\u0131r. Enjekt\u00f6rleri tortulardan temizleyerek, kullan\u0131ld\u0131\u011f\u0131 s\u00fcrece temiz tutar ve yak\u0131t\u0131n daha iyi p\u00fcsk\u00fcrt\u00fclmesini sa\u011flayarak motorun performans\u0131n\u0131 artt\u0131r\u0131r.<\/p>\n<p class=\"mb-0 appear-animation animated fadeInUpShorter appear-animation-visible\" data-appear-animation=\"fadeInUpShorter\" data-appear-animation-delay=\"1600\">\u00d6zel katk\u0131s\u0131 CFPP&#8217;yi (so\u011fuk havalarda filtrenin t\u0131kanma s\u0131cakl\u0131\u011f\u0131) azalt\u0131r ve yak\u0131t\u0131n ak\u0131\u015fkanl\u0131\u011f\u0131n\u0131 artt\u0131rarak motorda d\u00fczenli yanma sa\u011flar. Anti-korozyon \u00f6zelli\u011fi sayesinde paslanmay\u0131 \u00f6nler. K\u00f6p\u00fck olu\u015fumunu engeller. Duman, at\u0131k ve yanmam\u0131\u015f yak\u0131t\u0131 azaltma \u00f6zelli\u011fine sahip Eurodiesel, \u00e7evre sa\u011fl\u0131\u011f\u0131na duyarl\u0131d\u0131r.<\/p>\n<p>[\/vc_column_text][vc_empty_space height=&#8221;25px&#8221;][\/vc_column_inner][vc_column_inner width=&#8221;1\/2&#8243;][vc_single_image image=&#8221;11498&#8243; img_size=&#8221;full&#8221;][\/vc_column_inner][\/vc_row_inner]<\/p>\n<\/div><div class='label 3'><div class='skudo_icon_special_tabs'><i class='fa linearicons-gallon'><\/i><\/div><div class='title'><a>Fuel Oil<\/a><\/div><div class='divider-vertical-tabs'><\/div><\/div><div class='content 3'><p>[vc_row_inner][vc_column_inner width=&#8221;1\/2&#8243; css=&#8221;.vc_custom_1474056192226{padding-left: 25px !important;}&#8221;][vc_custom_heading text=&#8221;Fuel Oil Nedir?&#8221; font_container=&#8221;tag:h3|text_align:left&#8221; use_theme_fonts=&#8221;yes&#8221;][vc_empty_space height=&#8221;20px&#8221;][vc_column_text]<\/p>\n<p class=\"appear-animation animated fadeInUpShorter appear-animation-visible\" data-appear-animation=\"fadeInUpShorter\" data-appear-animation-delay=\"1400\">Koyu renkte, az ak\u0131\u015fkan bir petrol \u00fcr\u00fcn\u00fcd\u00fcr. Alevlenme noktas\u0131 minimum 66\u00b0C, k\u00fck\u00fcrt oran\u0131 maksimum %4, viskozitesi maksimum 300 (SSF 50 \u00b0C)&#8217;d\u00fcr.<\/p>\n<p>Daha ince ve k\u00fck\u00fcrt oran\u0131 daha d\u00fc\u015f\u00fck bir yak\u0131tt\u0131r. Elektrik, \u0131s\u0131 ve buhar ihtiyac\u0131 olan t\u00fcm kazan, tesis, sanayi, bina ve yap\u0131larda kullan\u0131labilir.<\/p>\n<p>[\/vc_column_text][\/vc_column_inner][vc_column_inner width=&#8221;1\/2&#8243;][vc_single_image image=&#8221;11501&#8243; img_size=&#8221;full&#8221;][\/vc_column_inner][\/vc_row_inner]<\/p>\n<\/div><div class='label 4'><div class='skudo_icon_special_tabs'><i class='fa linearicons-gallon'><\/i><\/div><div class='title'><a>Kalorifer Yak\u0131t\u0131<\/a><\/div><div class='divider-vertical-tabs'><\/div><\/div><div class='content 4'><p>[vc_row_inner][vc_column_inner width=&#8221;1\/2&#8243; css=&#8221;.vc_custom_1474056192226{padding-left: 25px !important;}&#8221;][vc_custom_heading text=&#8221;Kalorifer Yak\u0131t\u0131&#8221; font_container=&#8221;tag:h3|text_align:left&#8221; use_theme_fonts=&#8221;yes&#8221;][vc_empty_space height=&#8221;20px&#8221;][vc_column_text]Daha ince ve k\u00fck\u00fcrt oran\u0131 daha d\u00fc\u015f\u00fck bir yak\u0131tt\u0131r. Elektrik, \u0131s\u0131 ve buhar ihtiyac\u0131 olan t\u00fcm kazan, tesis, sanayi, bina ve yap\u0131larda kullan\u0131labilir.[\/vc_column_text][\/vc_column_inner][vc_column_inner width=&#8221;1\/2&#8243;]<div class=\"ult-spacer spacer-6a0460c2d3e76\" data-id=\"6a0460c2d3e76\" data-height=\"\" data-height-mobile=\"50\" data-height-tab=\"\" data-height-tab-portrait=\"\" data-height-mobile-landscape=\"50\" style=\"clear:both;display:block;\"><\/div><div id=\"ult-carousel-5855912506a0460c2d3eb8\" class=\"ult-carousel-wrapper   ult_horizontal\" data-gutter=\"15\" data-rtl=\"false\" ><div class=\"ult-carousel-24732385076a0460c2d3e99 \" >[vc_single_image image=&#8221;12090&#8243; img_size=&#8221;full&#8221;]<\/div><\/div>\t\t\t<script type=\"text\/javascript\">\n\t\t\t\tjQuery(document).ready(function ($) {\n\t\t\t\t\tif( typeof jQuery('.ult-carousel-24732385076a0460c2d3e99').slick == \"function\"){\n\t\t\t\t\t\t$('.ult-carousel-24732385076a0460c2d3e99').slick({dots: true,autoplay: true,autoplaySpeed: 5000,speed: 800,infinite: true,arrows: false,slidesToScroll:1,slidesToShow:1,swipe: true,draggable: true,touchMove: true,pauseOnHover: true,pauseOnFocus: false,responsive: [\n\t\t\t\t\t\t\t{\n\t\t\t\t\t\t\t  breakpoint: 1026,\n\t\t\t\t\t\t\t  settings: {\n\t\t\t\t\t\t\t\tslidesToShow: 1,\n\t\t\t\t\t\t\t\tslidesToScroll: 1,  \n\t\t\t\t\t\t\t  }\n\t\t\t\t\t\t\t},\n\t\t\t\t\t\t\t{\n\t\t\t\t\t\t\t  breakpoint: 1025,\n\t\t\t\t\t\t\t  settings: {\n\t\t\t\t\t\t\t\tslidesToShow: 1,\n\t\t\t\t\t\t\t\tslidesToScroll: 1\n\t\t\t\t\t\t\t  }\n\t\t\t\t\t\t\t},\n\t\t\t\t\t\t\t{\n\t\t\t\t\t\t\t  breakpoint: 760,\n\t\t\t\t\t\t\t  settings: {\n\t\t\t\t\t\t\t\tslidesToShow: 1,\n\t\t\t\t\t\t\t\tslidesToScroll: 1\n\t\t\t\t\t\t\t  }\n\t\t\t\t\t\t\t}\n\t\t\t\t\t\t],pauseOnDotsHover: true,customPaging: function(slider, i) {\n                   return '<i type=\"button\" style= \"color:__USE_THEME_MAIN_COLOR__;\" class=\"ultsl-record\" data-role=\"none\"><\/i>';\n                },});\n\t\t\t\t\t}\n\t\t\t\t});\n\t\t\t<\/script>\n\t\t\t[\/vc_column_inner][\/vc_row_inner]<\/p>\n<\/div><div class='label 5'><div class='skudo_icon_special_tabs'><i class='fa linearicons-gallon'><\/i><\/div><div class='title'><a>Y. K\u00fck\u00fcrtl\u00fc Fuel Oil<\/a><\/div><div class='divider-vertical-tabs'><\/div><\/div><div class='content 5'><p>[vc_row_inner][vc_column_inner width=&#8221;1\/2&#8243; css=&#8221;.vc_custom_1474056192226{padding-left: 25px !important;}&#8221;][vc_custom_heading text=&#8221;Y.K\u00fck\u00fcrtl\u00fc Fuel Oil&#8221; font_container=&#8221;tag:h3|text_align:left&#8221; use_theme_fonts=&#8221;yes&#8221;][vc_empty_space height=&#8221;20px&#8221;][vc_column_text]T\u00fcm elektrik santrallerinde, sanayide, end\u00fcstriyel fabrikalarda, binalarda ve kazanlarda tercih edilebilir. Y\u00fcksek \u0131s\u0131l\u0131 yanan fuel oil t\u00fcr\u00fc olarak y\u00fcksek tasarruf sa\u011flar.[\/vc_column_text][\/vc_column_inner][vc_column_inner width=&#8221;1\/2&#8243;]<div class=\"ult-spacer spacer-6a0460c2d3f37\" data-id=\"6a0460c2d3f37\" data-height=\"\" data-height-mobile=\"50\" data-height-tab=\"\" data-height-tab-portrait=\"\" data-height-mobile-landscape=\"50\" style=\"clear:both;display:block;\"><\/div><div id=\"ult-carousel-705888996a0460c2d3f69\" class=\"ult-carousel-wrapper   ult_horizontal\" data-gutter=\"15\" data-rtl=\"false\" ><div class=\"ult-carousel-35962132556a0460c2d3f52 \" >[vc_single_image image=&#8221;12116&#8243; img_size=&#8221;full&#8221;]<\/div><\/div>\t\t\t<script type=\"text\/javascript\">\n\t\t\t\tjQuery(document).ready(function ($) {\n\t\t\t\t\tif( typeof jQuery('.ult-carousel-35962132556a0460c2d3f52').slick == \"function\"){\n\t\t\t\t\t\t$('.ult-carousel-35962132556a0460c2d3f52').slick({dots: true,autoplay: true,autoplaySpeed: 5000,speed: 800,infinite: true,arrows: false,slidesToScroll:1,slidesToShow:1,swipe: true,draggable: true,touchMove: true,pauseOnHover: true,pauseOnFocus: false,responsive: [\n\t\t\t\t\t\t\t{\n\t\t\t\t\t\t\t  breakpoint: 1026,\n\t\t\t\t\t\t\t  settings: {\n\t\t\t\t\t\t\t\tslidesToShow: 1,\n\t\t\t\t\t\t\t\tslidesToScroll: 1,  \n\t\t\t\t\t\t\t  }\n\t\t\t\t\t\t\t},\n\t\t\t\t\t\t\t{\n\t\t\t\t\t\t\t  breakpoint: 1025,\n\t\t\t\t\t\t\t  settings: {\n\t\t\t\t\t\t\t\tslidesToShow: 1,\n\t\t\t\t\t\t\t\tslidesToScroll: 1\n\t\t\t\t\t\t\t  }\n\t\t\t\t\t\t\t},\n\t\t\t\t\t\t\t{\n\t\t\t\t\t\t\t  breakpoint: 760,\n\t\t\t\t\t\t\t  settings: {\n\t\t\t\t\t\t\t\tslidesToShow: 1,\n\t\t\t\t\t\t\t\tslidesToScroll: 1\n\t\t\t\t\t\t\t  }\n\t\t\t\t\t\t\t}\n\t\t\t\t\t\t],pauseOnDotsHover: true,customPaging: function(slider, i) {\n                   return '<i type=\"button\" style= \"color:__USE_THEME_MAIN_COLOR__;\" class=\"ultsl-record\" data-role=\"none\"><\/i>';\n                },});\n\t\t\t\t\t}\n\t\t\t\t});\n\t\t\t<\/script>\n\t\t\t[\/vc_column_inner][\/vc_row_inner]<\/p>\n<\/div>\n<\/section><\/div>[\/vc_column][\/vc_row][vc_row full_width=&#8221;stretch_row_content_no_spaces&#8221; bg_type=&#8221;grad&#8221; css=&#8221;.vc_custom_1659268199209{padding-top: 100px !important;padding-bottom: 100px !important;}&#8221; bg_grad=&#8221;background: -webkit-gradient(linear, left top, left bottom, color-stop(0%, #E3E3E3), color-stop(0%, #FF0000), color-stop(72%, #D21616));background: -moz-linear-gradient(left,#E3E3E3 0%,#FF0000 0%,#D21616 72%);background: -webkit-linear-gradient(left,#E3E3E3 0%,#FF0000 0%,#D21616 72%);background: -o-linear-gradient(left,#E3E3E3 0%,#FF0000 0%,#D21616 72%);background: -ms-linear-gradient(left,#E3E3E3 0%,#FF0000 0%,#D21616 72%);background: linear-gradient(left,#E3E3E3 0%,#FF0000 0%,#D21616 72%);&#8221;][vc_column width=&#8221;1\/6&#8243; css=&#8221;.vc_custom_1476030875969{padding-right: 20px !important;}&#8221;][\/vc_column][vc_column width=&#8221;2\/3&#8243;][vc_custom_heading text=&#8221;\u0130htiyac\u0131n\u0131za uygun ve en h\u0131zl\u0131 \u00e7\u00f6z\u00fcmler i\u00e7in buraday\u0131z.&#8221; font_container=&#8221;tag:h3|text_align:center|color:%23ffffff&#8221; use_theme_fonts=&#8221;yes&#8221; el_class=&#8221;no-letter-spacing&#8221;][vc_custom_heading text=&#8221;Toptan akaryak\u0131t almak i\u00e7in&#8221; font_container=&#8221;tag:h2|text_align:center|color:%23ffffff&#8221; use_theme_fonts=&#8221;yes&#8221; el_class=&#8221;no-letter-spacing&#8221;][vc_empty_space height=&#8221;15px&#8221;][vc_empty_space height=&#8221;15px&#8221;][vc_btn title=&#8221;B\u0130Z\u0130MLE \u0130LET\u0130\u015e\u0130ME GE\u00c7\u0130N&#8221; style=&#8221;gradient-custom&#8221; gradient_custom_color_1=&#8221;#eeee22&#8243; gradient_custom_color_2=&#8221;#dba000&#8243; gradient_text_color=&#8221;#000000&#8243; shape=&#8221;round&#8221; align=&#8221;center&#8221; link=&#8221;url:http%3A%2F%2F7kitadagitim.com%2Findex.php%2Fpages%2Filetisimbilgileri%2F|title:%C4%B0leti%C5%9Fim%20Bilgileri&#8221;][\/vc_column][vc_column width=&#8221;1\/6&#8243;][\/vc_column][\/vc_row]<\/p>\n","protected":false},"excerpt":{"rendered":"<p>[vc_row bg_type=&#8221;image&#8221; parallax_style=&#8221;vcpb-vz-jquery&#8221; bg_image_new=&#8221;id^11483|url^https:\/\/7kitadagitim.com\/wp-content\/uploads\/2022\/07\/pr-head-2-scaled.jpg|caption^null|alt^null|title^pr-head-2|description^null&#8221; bg_image_repeat=&#8221;no-repeat&#8221; bg_override=&#8221;ex-full&#8221; css=&#8221;.vc_custom_1659262990574{padding-top: 120px !important;padding-bottom: 75px !important;}&#8221;][vc_column width=&#8221;1\/2&#8243;][\/vc_column][vc_column width=&#8221;1\/2&#8243;][\/vc_column][\/vc_row][vc_row css=&#8221;.vc_custom_1659263049180{padding-top: 20px !important;padding-bottom: 100px !important;}&#8221;][vc_column][\/vc_column][\/vc_row][vc_row full_width=&#8221;stretch_row_content_no_spaces&#8221; bg_type=&#8221;grad&#8221; css=&#8221;.vc_custom_1659268199209{padding-top: 100px !important;padding-bottom: 100px !important;}&#8221; bg_grad=&#8221;background: -webkit-gradient(linear, left top, left bottom, color-stop(0%, #E3E3E3), color-stop(0%, #FF0000), color-stop(72%, #D21616));background: -moz-linear-gradient(left,#E3E3E3 0%,#FF0000 0%,#D21616 72%);background: -webkit-linear-gradient(left,#E3E3E3 0%,#FF0000 0%,#D21616 72%);background: -o-linear-gradient(left,#E3E3E3 0%,#FF0000 0%,#D21616 72%);background: -ms-linear-gradient(left,#E3E3E3 0%,#FF0000 0%,#D21616 72%);background: linear-gradient(left,#E3E3E3 0%,#FF0000 [&hellip;]<\/p>\n","protected":false},"author":1,"featured_media":0,"parent":364,"menu_order":0,"comment_status":"closed","ping_status":"closed","template":"page.php","meta":{"footnotes":""},"class_list":["post-391","page","type-page","status-publish","hentry"],"_links":{"self":[{"href":"https:\/\/7kitadagitim.com\/index.php\/wp-json\/wp\/v2\/pages\/391","targetHints":{"allow":["GET"]}}],"collection":[{"href":"https:\/\/7kitadagitim.com\/index.php\/wp-json\/wp\/v2\/pages"}],"about":[{"href":"https:\/\/7kitadagitim.com\/index.php\/wp-json\/wp\/v2\/types\/page"}],"author":[{"embeddable":true,"href":"https:\/\/7kitadagitim.com\/index.php\/wp-json\/wp\/v2\/users\/1"}],"replies":[{"embeddable":true,"href":"https:\/\/7kitadagitim.com\/index.php\/wp-json\/wp\/v2\/comments?post=391"}],"version-history":[{"count":39,"href":"https:\/\/7kitadagitim.com\/index.php\/wp-json\/wp\/v2\/pages\/391\/revisions"}],"predecessor-version":[{"id":12117,"href":"https:\/\/7kitadagitim.com\/index.php\/wp-json\/wp\/v2\/pages\/391\/revisions\/12117"}],"up":[{"embeddable":true,"href":"https:\/\/7kitadagitim.com\/index.php\/wp-json\/wp\/v2\/pages\/364"}],"wp:attachment":[{"href":"https:\/\/7kitadagitim.com\/index.php\/wp-json\/wp\/v2\/media?parent=391"}],"curies":[{"name":"wp","href":"https:\/\/api.w.org\/{rel}","templated":true}]}}