{"id":428,"date":"2017-07-03T15:55:06","date_gmt":"2017-07-03T15:55:06","guid":{"rendered":"https:\/\/upperinc.com\/previews\/wp\/raven\/multipage\/?page_id=428"},"modified":"2022-07-31T19:34:31","modified_gmt":"2022-07-31T16:34:31","slug":"iletisim","status":"publish","type":"page","link":"https:\/\/7kitadagitim.com\/index.php\/utts\/iletisim\/","title":{"rendered":"\u0130leti\u015fim"},"content":{"rendered":"<p>[vc_row css=&#8221;.vc_custom_1528471507622{padding-top: 80px !important;padding-bottom: 80px !important;}&#8221;][vc_column width=&#8221;1\/3&#8243;][vc_custom_heading text=&#8221;Her ihtiyac\u0131n\u0131zda yan\u0131n\u0131zday\u0131z&#8221; font_container=&#8221;tag:h3|text_align:left&#8221; use_theme_fonts=&#8221;yes&#8221;][vc_empty_space height=&#8221;10px&#8221;][vc_column_text]7 K\u0131ta Petrol istasyonlar\u0131 ile ileti\u015fime ge\u00e7mek \u00e7ok kolay ister a\u015fa\u011f\u0131daki formu doldurun isterseniz direkt bizi arayabilirsiniz.[\/vc_column_text][vc_empty_space height=&#8221;20px&#8221;]<p class=\"wpcf7-contact-form-not-found\"><strong>Hata:<\/strong> \u0130leti\u015fim formu bulunamad\u0131.<\/p>[\/vc_column][vc_column width=&#8221;2\/3&#8243; el_class=&#8221;box-paddingl&#8221;][vc_empty_space height=&#8221;10px&#8221;][vc_gmaps link=&#8221;#E-8_JTNDaWZyYW1lJTIwc3JjJTNEJTIyaHR0cHMlM0ElMkYlMkZ3d3cuZ29vZ2xlLmNvbSUyRm1hcHMlMkZkJTJGZW1iZWQlM0ZtaWQlM0QxUF9KbDNReGFreGJ5ZG5BTVJvanAtQnhXdUpHbkl5USUyNmVoYmMlM0QyRTMxMkYlMjIlMjB3aWR0aCUzRCUyMjY0MCUyMiUyMGhlaWdodCUzRCUyMjQ4MCUyMiUzRSUzQyUyRmlmcmFtZSUzRQ==&#8221;][\/vc_column][\/vc_row][vc_row bg_type=&#8221;grad&#8221; bg_override=&#8221;ex-full&#8221; css=&#8221;.vc_custom_1659274908335{padding-top: 100px !important;padding-bottom: 100px !important;}&#8221; bg_grad=&#8221;background: -webkit-gradient(linear, left top, left bottom, color-stop(0%, #FF0000), color-stop(72%, #D21616));background: -moz-linear-gradient(left,#FF0000 0%,#D21616 72%);background: -webkit-linear-gradient(left,#FF0000 0%,#D21616 72%);background: -o-linear-gradient(left,#FF0000 0%,#D21616 72%);background: -ms-linear-gradient(left,#FF0000 0%,#D21616 72%);background: linear-gradient(left,#FF0000 0%,#D21616 72%);&#8221;][vc_column][vc_row_inner][vc_column_inner width=&#8221;1\/4&#8243;][vc_column_text]<\/p>\n<h4>\u00c7al\u0131\u015fma Zamanlar\u0131m\u0131z<\/h4>\n<p><strong>Pazartesi &#8211; Cuma<\/strong>: 08:00 \/ 18:00<br \/>\n<strong>Cumartesi<\/strong>: 09:00 \/ 14:00<br \/>\n<strong>Pazar<\/strong>: Kapal\u0131[\/vc_column_text][vc_custom_heading text=&#8221;\u00c7al\u0131\u015fma Zamanlar\u0131m\u0131z&#8221; font_container=&#8221;tag:h2|font_size:20|text_align:left|color:%23ffffff&#8221; google_fonts=&#8221;font_family:Roboto%3A100%2C100italic%2C300%2C300italic%2Cregular%2Citalic%2C500%2C500italic%2C700%2C700italic%2C900%2C900italic|font_style:700%20bold%20regular%3A700%3Anormal&#8221;][vc_custom_heading text=&#8221;Pazartesi &#8211; Cuma: 08:00 \/ 18:00<br \/>\nCumartesi: 09:00 \/ 14:00<br \/>\nPazar: Kapal\u0131&#8221; font_container=&#8221;tag:h2|font_size:16|text_align:left|color:%23ffffff&#8221; google_fonts=&#8221;font_family:Roboto%3A100%2C100italic%2C300%2C300italic%2Cregular%2Citalic%2C500%2C500italic%2C700%2C700italic%2C900%2C900italic|font_style:400%20regular%3A400%3Anormal&#8221;][\/vc_column_inner][vc_column_inner width=&#8221;1\/4&#8243;]<div class=\"ult-spacer spacer-69e7470971bd4\" data-id=\"69e7470971bd4\" data-height=\"\" data-height-mobile=\"40\" data-height-tab=\"\" data-height-tab-portrait=\"\" data-height-mobile-landscape=\"40\" style=\"clear:both;display:block;\"><\/div>[vc_column_text]<\/p>\n<h4>E-Mail<\/h4>\n<p><strong>Bilgi:<\/strong>\u00a0info@7kitadagitim.com<br \/>\n<strong>Bayilik \u0130\u00e7in:<\/strong>\u00a0bayi@7kitadagitim.com[\/vc_column_text][\/vc_column_inner][vc_column_inner width=&#8221;1\/4&#8243;]<div class=\"ult-spacer spacer-69e7470971bec\" data-id=\"69e7470971bec\" data-height=\"\" data-height-mobile=\"40\" data-height-tab=\"\" data-height-tab-portrait=\"\" data-height-mobile-landscape=\"40\" style=\"clear:both;display:block;\"><\/div>[vc_column_text]<\/p>\n<h4>\u0130leti\u015fim Bilgileri<\/h4>\n<p><strong>\u00c7al\u0131\u015fma Ofisi:<\/strong> +90 (232) 421 01 36<br \/>\n<strong>Faks:<\/strong> +90 (232) 421 01 37[\/vc_column_text][\/vc_column_inner][vc_column_inner width=&#8221;1\/4&#8243;]<div class=\"ult-spacer spacer-69e7470971bfc\" data-id=\"69e7470971bfc\" data-height=\"\" data-height-mobile=\"40\" data-height-tab=\"\" data-height-tab-portrait=\"\" data-height-mobile-landscape=\"40\" style=\"clear:both;display:block;\"><\/div>[vc_column_text]<\/p>\n<h4>Adres<\/h4>\n<p>Ergenekon Mahallesi, Ahmet S\u0131tk\u0131 Efendi Sk.No 3\/1 Turgutlu &#8211; Manisa \/ T\u00fcrkiye[\/vc_column_text][\/vc_column_inner][\/vc_row_inner][\/vc_column][\/vc_row]<\/p>\n","protected":false},"excerpt":{"rendered":"<p>[vc_row css=&#8221;.vc_custom_1528471507622{padding-top: 80px !important;padding-bottom: 80px !important;}&#8221;][vc_column width=&#8221;1\/3&#8243;][vc_custom_heading text=&#8221;Her ihtiyac\u0131n\u0131zda yan\u0131n\u0131zday\u0131z&#8221; font_container=&#8221;tag:h3|text_align:left&#8221; use_theme_fonts=&#8221;yes&#8221;][vc_empty_space height=&#8221;10px&#8221;][vc_column_text]7 K\u0131ta Petrol istasyonlar\u0131 ile ileti\u015fime ge\u00e7mek \u00e7ok kolay ister a\u015fa\u011f\u0131daki formu doldurun isterseniz direkt bizi arayabilirsiniz.[\/vc_column_text][vc_empty_space height=&#8221;20px&#8221;][\/vc_column][vc_column width=&#8221;2\/3&#8243; el_class=&#8221;box-paddingl&#8221;][vc_empty_space height=&#8221;10px&#8221;][vc_gmaps link=&#8221;#E-8_JTNDaWZyYW1lJTIwc3JjJTNEJTIyaHR0cHMlM0ElMkYlMkZ3d3cuZ29vZ2xlLmNvbSUyRm1hcHMlMkZkJTJGZW1iZWQlM0ZtaWQlM0QxUF9KbDNReGFreGJ5ZG5BTVJvanAtQnhXdUpHbkl5USUyNmVoYmMlM0QyRTMxMkYlMjIlMjB3aWR0aCUzRCUyMjY0MCUyMiUyMGhlaWdodCUzRCUyMjQ4MCUyMiUzRSUzQyUyRmlmcmFtZSUzRQ==&#8221;][\/vc_column][\/vc_row][vc_row bg_type=&#8221;grad&#8221; bg_override=&#8221;ex-full&#8221; css=&#8221;.vc_custom_1659274908335{padding-top: 100px !important;padding-bottom: 100px !important;}&#8221; bg_grad=&#8221;background: -webkit-gradient(linear, left top, left bottom, color-stop(0%, #FF0000), color-stop(72%, #D21616));background: -moz-linear-gradient(left,#FF0000 0%,#D21616 72%);background: -webkit-linear-gradient(left,#FF0000 [&hellip;]<\/p>\n","protected":false},"author":1,"featured_media":0,"parent":364,"menu_order":0,"comment_status":"closed","ping_status":"closed","template":"page.php","meta":{"footnotes":""},"class_list":["post-428","page","type-page","status-publish","hentry"],"_links":{"self":[{"href":"https:\/\/7kitadagitim.com\/index.php\/wp-json\/wp\/v2\/pages\/428","targetHints":{"allow":["GET"]}}],"collection":[{"href":"https:\/\/7kitadagitim.com\/index.php\/wp-json\/wp\/v2\/pages"}],"about":[{"href":"https:\/\/7kitadagitim.com\/index.php\/wp-json\/wp\/v2\/types\/page"}],"author":[{"embeddable":true,"href":"https:\/\/7kitadagitim.com\/index.php\/wp-json\/wp\/v2\/users\/1"}],"replies":[{"embeddable":true,"href":"https:\/\/7kitadagitim.com\/index.php\/wp-json\/wp\/v2\/comments?post=428"}],"version-history":[{"count":20,"href":"https:\/\/7kitadagitim.com\/index.php\/wp-json\/wp\/v2\/pages\/428\/revisions"}],"predecessor-version":[{"id":11571,"href":"https:\/\/7kitadagitim.com\/index.php\/wp-json\/wp\/v2\/pages\/428\/revisions\/11571"}],"up":[{"embeddable":true,"href":"https:\/\/7kitadagitim.com\/index.php\/wp-json\/wp\/v2\/pages\/364"}],"wp:attachment":[{"href":"https:\/\/7kitadagitim.com\/index.php\/wp-json\/wp\/v2\/media?parent=428"}],"curies":[{"name":"wp","href":"https:\/\/api.w.org\/{rel}","templated":true}]}}