{"id":431,"date":"2017-07-03T15:57:25","date_gmt":"2017-07-03T15:57:25","guid":{"rendered":"https:\/\/upperinc.com\/previews\/wp\/raven\/multipage\/?page_id=431"},"modified":"2022-08-11T12:30:17","modified_gmt":"2022-08-11T09:30:17","slug":"ik","status":"publish","type":"page","link":"https:\/\/7kitadagitim.com\/index.php\/utts\/ik\/","title":{"rendered":"\u0130nsan Kaynaklar\u0131"},"content":{"rendered":"<p>[vc_row full_width=&#8221;stretch_row_content_no_spaces&#8221;][vc_column][vc_single_image image=&#8221;11302&#8243; img_size=&#8221;full&#8221; alignment=&#8221;center&#8221;][\/vc_column][\/vc_row][vc_row full_width=&#8221;stretch_row_content&#8221; css=&#8221;.vc_custom_1659100235786{padding-top: 100px !important;padding-right: 50px !important;padding-bottom: 100px !important;padding-left: 50px !important;}&#8221;][vc_column width=&#8221;1\/3&#8243; el_class=&#8221;box-paddingr&#8221;][vc_custom_heading text=&#8221;\u0130nsan Kaynaklar\u0131&#8221; use_theme_fonts=&#8221;yes&#8221; el_class=&#8221;no-letter-spacing&#8221;][vc_empty_space height=&#8221;10px&#8221;][vc_custom_heading text=&#8221;7KITA PETROLC\u00dcL\u00dcK DA\u011eITIM VE PAZARLAMA ANON\u0130M \u015e\u0130RKET\u0130 olarak t\u00fcm personellerimizin \u0130nsan Kaynaklar\u0131 Politikam\u0131za uyumlu olarak hareket etmesini beklemekteyiz. \u015eirketimizin temel hedefi, \u00e7al\u0131\u015fanlar\u0131na mutlu ve huzurlu bir \u00e7al\u0131\u015fma ortam\u0131 sa\u011flayarak, t\u00fcm \u00e7al\u0131\u015fanlar\u0131n bir par\u00e7as\u0131 olmaktan gurur duyaca\u011f\u0131 bir kurum olmakt\u0131r.<br \/>\n<br \/>\n\u015eirket olarak s\u00fcrd\u00fcr\u00fclebilir b\u00fcy\u00fcmenin ancak \u00e7al\u0131\u015fanlar\u0131m\u0131z\u0131n katk\u0131s\u0131 ile m\u00fcmk\u00fcn olaca\u011f\u0131n\u0131n bilincindeyiz ve bu sebeple stratejik d\u00fc\u015f\u00fcnebilen, h\u0131zl\u0131 ve sorumlu \u00e7al\u0131\u015fma arkada\u015flar\u0131 ile \u015firketimizi b\u00fcy\u00fctmeyi hedeflemekteyiz.<br \/>\n&#8221; font_container=&#8221;tag:p|font_size:16px|text_align:left|color:%23999999|line_height:25px&#8221; use_theme_fonts=&#8221;yes&#8221; el_class=&#8221;no-letter-spacing&#8221;][\/vc_column][vc_column width=&#8221;2\/3&#8243;]<div class=\"ult-spacer spacer-69f442f029ced\" data-id=\"69f442f029ced\" data-height=\"0\" data-height-mobile=\"70\" data-height-tab=\"\" data-height-tab-portrait=\"\" data-height-mobile-landscape=\"70\" style=\"clear:both;display:block;\"><\/div><p class=\"wpcf7-contact-form-not-found\"><strong>Hata:<\/strong> \u0130leti\u015fim formu bulunamad\u0131.<\/p>[\/vc_column][\/vc_row][vc_row full_width=&#8221;stretch_row_content_no_spaces&#8221; css=&#8221;.vc_custom_1492202652410{padding-top: 1px !important;padding-bottom: 1px !important;}&#8221;][vc_column][vc_separator color=&#8221;custom&#8221; accent_color=&#8221;#ededed&#8221;][\/vc_column][\/vc_row]<\/p>\n","protected":false},"excerpt":{"rendered":"<p>[vc_row full_width=&#8221;stretch_row_content_no_spaces&#8221;][vc_column][vc_single_image image=&#8221;11302&#8243; img_size=&#8221;full&#8221; alignment=&#8221;center&#8221;][\/vc_column][\/vc_row][vc_row full_width=&#8221;stretch_row_content&#8221; css=&#8221;.vc_custom_1659100235786{padding-top: 100px !important;padding-right: 50px !important;padding-bottom: 100px !important;padding-left: 50px !important;}&#8221;][vc_column width=&#8221;1\/3&#8243; el_class=&#8221;box-paddingr&#8221;][vc_custom_heading text=&#8221;\u0130nsan Kaynaklar\u0131&#8221; use_theme_fonts=&#8221;yes&#8221; el_class=&#8221;no-letter-spacing&#8221;][vc_empty_space height=&#8221;10px&#8221;][vc_custom_heading text=&#8221;7KITA PETROLC\u00dcL\u00dcK DA\u011eITIM VE PAZARLAMA ANON\u0130M \u015e\u0130RKET\u0130 olarak t\u00fcm personellerimizin \u0130nsan Kaynaklar\u0131 Politikam\u0131za uyumlu olarak hareket etmesini beklemekteyiz. \u015eirketimizin temel hedefi, \u00e7al\u0131\u015fanlar\u0131na mutlu ve huzurlu bir \u00e7al\u0131\u015fma ortam\u0131 sa\u011flayarak, t\u00fcm \u00e7al\u0131\u015fanlar\u0131n bir par\u00e7as\u0131 [&hellip;]<\/p>\n","protected":false},"author":1,"featured_media":0,"parent":364,"menu_order":0,"comment_status":"closed","ping_status":"closed","template":"page.php","meta":{"footnotes":""},"class_list":["post-431","page","type-page","status-publish","hentry"],"_links":{"self":[{"href":"https:\/\/7kitadagitim.com\/index.php\/wp-json\/wp\/v2\/pages\/431","targetHints":{"allow":["GET"]}}],"collection":[{"href":"https:\/\/7kitadagitim.com\/index.php\/wp-json\/wp\/v2\/pages"}],"about":[{"href":"https:\/\/7kitadagitim.com\/index.php\/wp-json\/wp\/v2\/types\/page"}],"author":[{"embeddable":true,"href":"https:\/\/7kitadagitim.com\/index.php\/wp-json\/wp\/v2\/users\/1"}],"replies":[{"embeddable":true,"href":"https:\/\/7kitadagitim.com\/index.php\/wp-json\/wp\/v2\/comments?post=431"}],"version-history":[{"count":17,"href":"https:\/\/7kitadagitim.com\/index.php\/wp-json\/wp\/v2\/pages\/431\/revisions"}],"predecessor-version":[{"id":12080,"href":"https:\/\/7kitadagitim.com\/index.php\/wp-json\/wp\/v2\/pages\/431\/revisions\/12080"}],"up":[{"embeddable":true,"href":"https:\/\/7kitadagitim.com\/index.php\/wp-json\/wp\/v2\/pages\/364"}],"wp:attachment":[{"href":"https:\/\/7kitadagitim.com\/index.php\/wp-json\/wp\/v2\/media?parent=431"}],"curies":[{"name":"wp","href":"https:\/\/api.w.org\/{rel}","templated":true}]}}